{"id":234,"date":"2013-01-23T13:43:25","date_gmt":"2013-01-23T13:43:25","guid":{"rendered":"http:\/\/www.hemavantarnabyairport.se\/?page_id=234"},"modified":"2026-04-22T17:35:49","modified_gmt":"2026-04-22T15:35:49","slug":"resa-med-barn","status":"publish","type":"page","link":"https:\/\/www.hemavantarnabyairport.se\/en\/infor-resan-2\/resa-med-barn\/","title":{"rendered":"Travelling with children"},"content":{"rendered":"<h2>Unaccompanied children<\/h2>\n<p>On populAir flights, we offer children an assistance service where they are taken care of throughout the trip. The service is offered to children between the ages of 5 and 11.<\/p>\n<h4>Rules for the child's trip<\/h4>\n<p>Before the unaccompanied children travel , a form must be completed by the parent \/guardian. You need to take this to the airport.<\/p>\n<p>When checking-in of unaccompanied children you need to\u00a0<strong>arrive at the check-in desk  at least 1 hour before the departure time.<\/strong>In connection with this, a special form must be completed, signed by the parent\/guardian and submitted at the check-in counter. Without valid documents, populAir cannot allow the child to travel alone. The parent\/guardian may not leave the airport until the plane has departed and taken off. Upon arrival of the flight, the receiving parent\/guardian must present a valid ID document to the airport staff who will hand over the child.<\/p>\n<p>The quantity of seats for unaccompanied children is limited for each flight.<\/p>\n<h2>Children under 2 years old<\/h2>\n<p>Children under 2 years traveling with adult fly free of charge. To fly internationally children under 2 years pay 10% of the adult's ticket<\/p>\n<h2><\/h2>\n<h2>At the Airport<\/h2>\n<p>Medan ni v\u00e4ntar p\u00e5 flygets avg\u00e5ng finns det m\u00f6jlighet att k\u00f6pa kaffe, te, choklad, l\u00e4sk och tilltugg i gaten. Det finns tillg\u00e5ng till TV, toaletter och en liten lekh\u00f6rna f\u00f6r v\u00e5ra yngsta passagerare.<\/p>","protected":false},"excerpt":{"rendered":"<p>Ensam\u00e5kande barn P\u00e5 populAirs resor erbjuder vi barn en assistanstj\u00e4nst d\u00e4r man tas omhand under hela resan. Tj\u00e4nsten erbjuds till barn mellan 5 och 11 \u00e5r. Regler inf\u00f6r barnets resa Innan barn reser ensamma m\u00e5ste ett formul\u00e4r fyllas av f\u00f6r\u00e4lder\/m\u00e5lsman. Detta tas med till flygplatsen. Vid incheckning av ensamresande barn b\u00f6r\u00a0ankomsten till incheckningsdisken ske minst [&hellip;]<\/p>\n","protected":false},"author":1,"featured_media":0,"parent":3698,"menu_order":3,"comment_status":"closed","ping_status":"open","template":"","meta":{"_genesis_hide_title":false,"_genesis_hide_breadcrumbs":false,"_genesis_hide_singular_image":false,"_genesis_hide_footer_widgets":false,"_genesis_custom_body_class":"","_genesis_custom_post_class":"","_genesis_layout":"","footnotes":""},"class_list":{"0":"post-234","1":"page","2":"type-page","3":"status-publish","5":"entry"},"featured_image_src":null,"featured_image_src_square":null,"_links":{"self":[{"href":"https:\/\/www.hemavantarnabyairport.se\/en\/wp-json\/wp\/v2\/pages\/234","targetHints":{"allow":["GET"]}}],"collection":[{"href":"https:\/\/www.hemavantarnabyairport.se\/en\/wp-json\/wp\/v2\/pages"}],"about":[{"href":"https:\/\/www.hemavantarnabyairport.se\/en\/wp-json\/wp\/v2\/types\/page"}],"author":[{"embeddable":true,"href":"https:\/\/www.hemavantarnabyairport.se\/en\/wp-json\/wp\/v2\/users\/1"}],"replies":[{"embeddable":true,"href":"https:\/\/www.hemavantarnabyairport.se\/en\/wp-json\/wp\/v2\/comments?post=234"}],"version-history":[{"count":22,"href":"https:\/\/www.hemavantarnabyairport.se\/en\/wp-json\/wp\/v2\/pages\/234\/revisions"}],"predecessor-version":[{"id":7238,"href":"https:\/\/www.hemavantarnabyairport.se\/en\/wp-json\/wp\/v2\/pages\/234\/revisions\/7238"}],"up":[{"embeddable":true,"href":"https:\/\/www.hemavantarnabyairport.se\/en\/wp-json\/wp\/v2\/pages\/3698"}],"wp:attachment":[{"href":"https:\/\/www.hemavantarnabyairport.se\/en\/wp-json\/wp\/v2\/media?parent=234"}],"curies":[{"name":"wp","href":"https:\/\/api.w.org\/{rel}","templated":true}]}}