{"id":329,"date":"2013-01-24T13:50:00","date_gmt":"2013-01-24T12:50:00","guid":{"rendered":"http:\/\/www.hemavantarnabyairport.se\/?page_id=329"},"modified":"2024-09-30T10:25:35","modified_gmt":"2024-09-30T08:25:35","slug":"om-oss","status":"publish","type":"page","link":"https:\/\/www.hemavantarnabyairport.se\/en\/om-oss\/","title":{"rendered":"About the airport"},"content":{"rendered":"<p>Hemavan T\u00e4rnaby Airport is a great little airport located in the middle of the V\u00e4sterbotten mountains. We operate Stockholm-Arlanda 6 days a week all year round with the airline populAir.<\/p>\n\n\n\n<p>We are a small airport with a big heart where we try to solve everything to make your trip as good as possible.<\/p>\n\n\n\n<p>In recent years we have seen fantastic development in the area and houses, cottages, apartments and new areas are being built at a furious pace that probably no one thought was possible in Stenmark's time. This of course affects the need to be able to travel quickly to and from Hemavan T\u00e4rnaby and we are proud that we have an airport in the area that allows us to reach far beyond the borders of V\u00e4sterbotten, Lapland and Sweden.<\/p>\n\n\n\n<p>With the Kungsleden trail right around the corner, hiking here has become known far beyond Europe and every summer we welcome hikers from all corners of the world who want to enjoy the Swedish nature and mountains with their right of way. In winter it is mainly skiing, snowmobiling, the Northern Lights and fishing that attract. Holidaying in the mountains is fantastic whatever season you choose, there is something for everyone as long as you like untouched nature.<\/p>\n\n\n\n<p>You are welcome to fly to and from us!<\/p>","protected":false},"excerpt":{"rendered":"<p>Hemavan T\u00e4rnaby Airport \u00e4r en stor liten flygplats som ligger mitt i V\u00e4sterbottensfj\u00e4llen. Vi trafikerar Stockholm- Arlanda 6 dagar i veckan \u00e5ret runt med flygbolaget populAir. Vi \u00e4r en liten flygplats med stort hj\u00e4rta d\u00e4r vi f\u00f6rs\u00f6ker l\u00f6sa allt f\u00f6r att din resa ska bli s\u00e5 bra som m\u00f6jligt. De senaste \u00e5ren har vi sett [&hellip;]<\/p>\n","protected":false},"author":1,"featured_media":0,"parent":0,"menu_order":0,"comment_status":"closed","ping_status":"open","template":"","meta":{"_genesis_hide_title":false,"_genesis_hide_breadcrumbs":false,"_genesis_hide_singular_image":false,"_genesis_hide_footer_widgets":false,"_genesis_custom_body_class":"","_genesis_custom_post_class":"","_genesis_layout":"content-sidebar","footnotes":""},"class_list":{"0":"post-329","1":"page","2":"type-page","3":"status-publish","5":"entry","6":"has-post-thumbnail"},"featured_image_src":null,"featured_image_src_square":null,"_links":{"self":[{"href":"https:\/\/www.hemavantarnabyairport.se\/en\/wp-json\/wp\/v2\/pages\/329","targetHints":{"allow":["GET"]}}],"collection":[{"href":"https:\/\/www.hemavantarnabyairport.se\/en\/wp-json\/wp\/v2\/pages"}],"about":[{"href":"https:\/\/www.hemavantarnabyairport.se\/en\/wp-json\/wp\/v2\/types\/page"}],"author":[{"embeddable":true,"href":"https:\/\/www.hemavantarnabyairport.se\/en\/wp-json\/wp\/v2\/users\/1"}],"replies":[{"embeddable":true,"href":"https:\/\/www.hemavantarnabyairport.se\/en\/wp-json\/wp\/v2\/comments?post=329"}],"version-history":[{"count":11,"href":"https:\/\/www.hemavantarnabyairport.se\/en\/wp-json\/wp\/v2\/pages\/329\/revisions"}],"predecessor-version":[{"id":6276,"href":"https:\/\/www.hemavantarnabyairport.se\/en\/wp-json\/wp\/v2\/pages\/329\/revisions\/6276"}],"wp:attachment":[{"href":"https:\/\/www.hemavantarnabyairport.se\/en\/wp-json\/wp\/v2\/media?parent=329"}],"curies":[{"name":"wp","href":"https:\/\/api.w.org\/{rel}","templated":true}]}}