{"id":331,"date":"2013-01-24T13:54:12","date_gmt":"2013-01-24T12:54:12","guid":{"rendered":"http:\/\/www.hemavantarnabyairport.se\/?page_id=331"},"modified":"2022-06-15T15:25:48","modified_gmt":"2022-06-15T13:25:48","slug":"banfakta","status":"publish","type":"page","link":"https:\/\/www.hemavantarnabyairport.se\/en\/om-oss\/banfakta\/","title":{"rendered":"Runway facts"},"content":{"rendered":"<h2>General information on runway at Hemavan T\u00e4rnaby Airport.<\/h2>\n<p><strong>Re-fuelling:<\/strong><br \/>\nTelephone 0954-305 30. Refueling takes place only during normal opening hours. otherwise notice of intention to re-fuel is required 24 hours in advance, plus there will be a charge for additional opening hours.<\/p>\n<p>We have Jet A-1 (not have 100ll)<\/p>\n<p><strong>Radio Frequency:<\/strong><br \/>\nHemavan Info 122.980 MHz<br \/>\nSweden Ctrl 131,055 MHz<\/p>\n<p><strong>Navigation Frequency:<\/strong><br \/>\nNDB 325 kHz &#8221;NUT&#8221;<br \/>\nNDB 342 kHz &#8221;SUT&#8221;<\/p>\n<p><strong>ATS communications:<\/strong><\/p>\n<p>AFIS Hemavan information 122,980<\/p>\n<p>N\u00f6d frekvens 121,500<br \/>\nStation 121,700<\/p>\n<p><strong>Radio navigation and<br \/>\nlanding aids:<\/strong><br \/>\nLLZ 33 IUT 110,10 MHz<br \/>\nGP 334,40 MHz<br \/>\nDME IUT 110,10 MHz 38x<\/p>\n<p>&nbsp;<\/p>\n<p><strong>Other information:<\/strong><br \/>\nAFIS O\/R 0954-305 30<br \/>\nRestrictions regarding<br \/>\nflight within mountain range,<br \/>\nse AIP ADZ TIZ\/TIA<\/p>\n<p><strong>Location:<\/strong><br \/>\nHemavan 0 km<br \/>\nT\u00e4rnaby 20 km<br \/>\nStoruman 145 km<br \/>\nMo i Rana 105 km<\/p>\n<p><strong>Height:<\/strong><br \/>\n458 m (1503 ft)<\/p>\n<p><strong>Length:<\/strong> 1444 m (4738 ft)<br \/>\nRunway 15, 33<br \/>\n<strong>TORA:<\/strong> 1594 m, TODA 1594 m, ASDA 1744 m, LDA 1444 m<\/p>\n<p><strong>Bredd:<\/strong><br \/>\n30 m (98 ft)<br \/>\nPCN-tal 18<\/p>\n<p><strong>Phone:<\/strong><br \/>\nFlygplatsen\/AFIS 0954-305 30<br \/>\nVD Ivan Forsman<br \/>\nFax 0954-305 35<\/p>\n<p><strong>Owner<\/strong><br \/>\nHemavan T\u00e4rnaby Airport AB<br \/>\n\u00c4lvstigen 20, 920 66 Hemavan<\/p>\n<p><strong>Field Area<\/strong><br \/>\nAsphalt<\/p>\n<p><strong>Runway code<\/strong><br \/>\nTrafikflygplats 3C. Instrumentflygplats<\/p>\n<p><strong>ARP:<\/strong><br \/>\nLat. 65 48 22 N<br \/>\nLong 015 04 58 E<\/p>\n<p><strong>Lighting:<\/strong><br \/>\nJa (se AIP)<\/p>\n<p><strong>Accommodation<\/strong><br \/>\nVisit Hemavan T\u00e4rnaby<br \/>\n0954-104 50<\/p>\n<p>For more information, see AIP AD2. This page is not updated continuously. Use AIP Sweden.<\/p>","protected":false},"excerpt":{"rendered":"<p>Allm\u00e4n information g\u00e4llande banfakta p\u00e5 Hemavan T\u00e4rnaby Airport. Flygbr\u00e4nsle: O\/R Jourtelefon 0954-305 30 Tankning sker endast under ordinarie arbetstid. \u00d6vrig tid kr\u00e4vs avisering 24h i f\u00f6rv\u00e4g, samt en debitering f\u00f6r extra \u00f6ppeth\u00e5llande. Vi tillhandah\u00e5ller Jet A-1 Radio Frekvens: Hemavan Info 122.980 MHz Sweden Ctrl 131,055 MHz Navigations Frekvens: NDB 325 kHz &#8221;NUT&#8221; NDB 342 kHz [&hellip;]<\/p>\n","protected":false},"author":1,"featured_media":0,"parent":329,"menu_order":0,"comment_status":"closed","ping_status":"open","template":"","meta":{"_genesis_hide_title":false,"_genesis_hide_breadcrumbs":false,"_genesis_hide_singular_image":false,"_genesis_hide_footer_widgets":false,"_genesis_custom_body_class":"","_genesis_custom_post_class":"","_genesis_layout":"","footnotes":""},"class_list":{"0":"post-331","1":"page","2":"type-page","3":"status-publish","5":"entry"},"featured_image_src":null,"featured_image_src_square":null,"_links":{"self":[{"href":"https:\/\/www.hemavantarnabyairport.se\/en\/wp-json\/wp\/v2\/pages\/331","targetHints":{"allow":["GET"]}}],"collection":[{"href":"https:\/\/www.hemavantarnabyairport.se\/en\/wp-json\/wp\/v2\/pages"}],"about":[{"href":"https:\/\/www.hemavantarnabyairport.se\/en\/wp-json\/wp\/v2\/types\/page"}],"author":[{"embeddable":true,"href":"https:\/\/www.hemavantarnabyairport.se\/en\/wp-json\/wp\/v2\/users\/1"}],"replies":[{"embeddable":true,"href":"https:\/\/www.hemavantarnabyairport.se\/en\/wp-json\/wp\/v2\/comments?post=331"}],"version-history":[{"count":22,"href":"https:\/\/www.hemavantarnabyairport.se\/en\/wp-json\/wp\/v2\/pages\/331\/revisions"}],"predecessor-version":[{"id":4045,"href":"https:\/\/www.hemavantarnabyairport.se\/en\/wp-json\/wp\/v2\/pages\/331\/revisions\/4045"}],"up":[{"embeddable":true,"href":"https:\/\/www.hemavantarnabyairport.se\/en\/wp-json\/wp\/v2\/pages\/329"}],"wp:attachment":[{"href":"https:\/\/www.hemavantarnabyairport.se\/en\/wp-json\/wp\/v2\/media?parent=331"}],"curies":[{"name":"wp","href":"https:\/\/api.w.org\/{rel}","templated":true}]}}