{"id":350,"date":"2013-01-24T14:11:45","date_gmt":"2013-01-24T13:11:45","guid":{"rendered":"http:\/\/www.hemavantarnabyairport.se\/?page_id=350"},"modified":"2022-03-13T18:22:51","modified_gmt":"2022-03-13T17:22:51","slug":"historik","status":"publish","type":"page","link":"https:\/\/www.hemavantarnabyairport.se\/en\/om-oss\/historik\/","title":{"rendered":"Our History"},"content":{"rendered":"<p><em>During the 1960s a glider airfield was built in Hemavan. This airfield was well used of both locals and other flying clubs. This small glider airfield has developed to todays airport with a capacity of up to 72 seater passanger planes, Hercules military planes and many other types of users. the runway is today 1500 metres long and is equiped with ILS. <\/em><\/p>\n<p>In the autumn of 1993 Hemavans airport was completed, and with all permits in place we were able to start our first charter line Bod\u00f6 (Norway) - Hemavan - Ume\u00e5 in March 1994. With flights Thursdays and Sundays, and continued the winter. The airline Wider\u00f6h continued to operate the line even the following year.<\/p>\n<p>In 1997 Skyways began to operate the line Hemavan - Arlanda. In autumn 2008 the line was operated by NextJet, which ran until May 2018. The current operator is Amapola.<\/p>\n<p>The airport has traffic 6 days a week - year round !!<\/p>","protected":false},"excerpt":{"rendered":"<p>P\u00e5 1960-talet anlades ett segelflygf\u00e4lt i Hemavan, vilket flitigt anv\u00e4ndes av b\u00e5de lokala sportflygare och andra flygklubbar. Det \u00e4r detta lilla segelflygf\u00e4lt som nu har utvecklats till dagens flygf\u00e4lt, med kapacitet f\u00f6r stora passagerarplan med 72 s\u00e4ten, Herkulesplan, och m\u00e5nga andra typer av passagerarplan. Landningsbanan \u00e4r idag 1500 meter, utrustad med fullst\u00e4ndig ILS. H\u00f6sten 1993 [&hellip;]<\/p>\n","protected":false},"author":1,"featured_media":0,"parent":329,"menu_order":5,"comment_status":"closed","ping_status":"open","template":"","meta":{"_genesis_hide_title":false,"_genesis_hide_breadcrumbs":false,"_genesis_hide_singular_image":false,"_genesis_hide_footer_widgets":false,"_genesis_custom_body_class":"","_genesis_custom_post_class":"","_genesis_layout":"","footnotes":""},"class_list":{"0":"post-350","1":"page","2":"type-page","3":"status-publish","5":"entry"},"featured_image_src":null,"featured_image_src_square":null,"_links":{"self":[{"href":"https:\/\/www.hemavantarnabyairport.se\/en\/wp-json\/wp\/v2\/pages\/350","targetHints":{"allow":["GET"]}}],"collection":[{"href":"https:\/\/www.hemavantarnabyairport.se\/en\/wp-json\/wp\/v2\/pages"}],"about":[{"href":"https:\/\/www.hemavantarnabyairport.se\/en\/wp-json\/wp\/v2\/types\/page"}],"author":[{"embeddable":true,"href":"https:\/\/www.hemavantarnabyairport.se\/en\/wp-json\/wp\/v2\/users\/1"}],"replies":[{"embeddable":true,"href":"https:\/\/www.hemavantarnabyairport.se\/en\/wp-json\/wp\/v2\/comments?post=350"}],"version-history":[{"count":3,"href":"https:\/\/www.hemavantarnabyairport.se\/en\/wp-json\/wp\/v2\/pages\/350\/revisions"}],"predecessor-version":[{"id":3597,"href":"https:\/\/www.hemavantarnabyairport.se\/en\/wp-json\/wp\/v2\/pages\/350\/revisions\/3597"}],"up":[{"embeddable":true,"href":"https:\/\/www.hemavantarnabyairport.se\/en\/wp-json\/wp\/v2\/pages\/329"}],"wp:attachment":[{"href":"https:\/\/www.hemavantarnabyairport.se\/en\/wp-json\/wp\/v2\/media?parent=350"}],"curies":[{"name":"wp","href":"https:\/\/api.w.org\/{rel}","templated":true}]}}