{"id":352,"date":"2013-01-24T14:14:10","date_gmt":"2013-01-24T13:14:10","guid":{"rendered":"http:\/\/www.hemavantarnabyairport.se\/?page_id=352"},"modified":"2026-04-13T14:51:31","modified_gmt":"2026-04-13T12:51:31","slug":"var-ekonomi","status":"publish","type":"page","link":"https:\/\/www.hemavantarnabyairport.se\/en\/om-oss\/var-ekonomi\/","title":{"rendered":"Our economy"},"content":{"rendered":"<div class=\"wp-block-file\"><a href=\"http:\/\/www.hemavantarnabyairport.se\/wp-content\/uploads\/2020\/06\/Protokoll-Ord.bolagsst\u00e4mma-2020-06-02-justerat.pdf\" class=\"wp-block-file__button wp-element-button\" download>Ladda ner<\/a><\/div>\n\n\n<p>Here you will find our latest annual reports in Swedish.<\/p>\n<p><a href=\"http:\/\/www.hemavantarnabyairport.se\/wp-content\/uploads\/2018\/04\/\u00c5rsredovisning-HTA-AB-2015.pdf\" target=\"_blank\" rel=\"noopener noreferrer\">\u00c5rsredovisning HTA AB 2015<\/a><\/p>\n<p><a href=\"http:\/\/www.hemavantarnabyairport.se\/wp-content\/uploads\/2018\/04\/\u00c5rsredovisning-HTA-AB-2016.pdf\" target=\"_blank\" rel=\"noopener noreferrer\">\u00c5rsredovisning HTA AB 2016<\/a><\/p>\n<p><a href=\"http:\/\/www.hemavantarnabyairport.se\/wp-content\/uploads\/2018\/04\/\u00c5rsredovisning-HTA-AB-2017.pdf\" target=\"_blank\" rel=\"noopener noreferrer\">\u00c5rsredovisning HTA AB 2017<\/a><\/p>\n<p><a href=\"http:\/\/www.hemavantarnabyairport.se\/wp-content\/uploads\/2019\/03\/Protokoll-ordinarie-bolagsst\u00e4mma-2018-04-27.pdf\">Protokoll ordinarie bolagsst\u00e4mma 2018-04-27<\/a><\/p>\n<p><a href=\"http:\/\/www.hemavantarnabyairport.se\/wp-content\/uploads\/2019\/04\/%C3%A5rsredovisning-HTA-AB-2018.pdf\" target=\"_blank\" rel=\"noopener noreferrer\">\u00c5rsredovisning HTA AB 2018<\/a><\/p>\n<p><a href=\"http:\/\/www.hemavantarnabyairport.se\/en\/arsredovisning-hta-ab-2019\/\">\u00c5rsredovisning HTA AB 2019<\/a><br \/><a href=\"http:\/\/www.hemavantarnabyairport.se\/en\/om-oss\/var-ekonomi\/protokoll-ordinarie-bolagstamma-2019-04-15\/\" rel=\"attachment wp-att-4192\">Protokoll Ordinarie Bolagst\u00e4mma 2019-04-15<\/a><\/p>\n<p><a href=\"http:\/\/www.hemavantarnabyairport.se\/wp-content\/uploads\/2020\/07\/Protokoll-Ord.bolagsst\u00e4mma-2020-06-02-justerat.pdf\">Protokoll Ord.bolagsst\u00e4mma 2020-06-02 justerat<\/a><\/p>\n<p><a href=\"https:\/\/www.hemavantarnabyairport.se\/wp-content\/uploads\/2022\/04\/Arsredovisning-HTA-AB-2021.pdf\">\u00c5rsredovisning HTA AB 2021<\/a><\/p>\n<p><a href=\"https:\/\/www.hemavantarnabyairport.se\/wp-content\/uploads\/2022\/04\/Protokoll-bolagsstamma-12-april-2021.pdf\">Protokoll Ord.bolagsst\u00e4mma 2021-04-12<br \/><\/a><\/p>\n<p><a href=\"https:\/\/www.hemavantarnabyairport.se\/wp-content\/uploads\/2023\/04\/Arsredovisning-HTA-AB-2022-med-revisionsberattelse.pdf\">\u00c5rsredovisning HTA AB 2022 + Revisionsber\u00e4ttelse<\/a><\/p>\n\n\n<p><a href=\"https:\/\/www.hemavantarnabyairport.se\/wp-content\/uploads\/2025\/04\/Arsredovisning-for-Hemavan-Tarnaby-Airport-AB-556245-5484-rakenskapsaret-20230101-till-20231231.pdf\" data-type=\"attachment\" data-id=\"6610\">\u00c5rsredovisning f\u00f6r Hemavan T\u00e4rnaby Airport AB 2023<\/a><\/p>\n\n\n\n<p><a href=\"https:\/\/www.hemavantarnabyairport.se\/wp-content\/uploads\/2025\/04\/Arsredovisning-HTA-AB-2024-med-revision.pdf\">\u00c5rsredovisning f\u00f6r Hemavan T\u00e4rnaby Airport AB 2024<\/a><\/p>\n\n\n\n<p><a href=\"https:\/\/www.hemavantarnabyairport.se\/wp-content\/uploads\/2026\/04\/Arsredovisning-2025-med-revision.pdf\" target=\"_blank\" rel=\"noreferrer noopener\">Arsredovisning f\u00f6r Hemavan T\u00e4rnaby Airport 2025.pdf<\/a><\/p>\n\n\n\n<p><\/p>","protected":false},"excerpt":{"rendered":"<p>H\u00e4r \u00e5terfinns v\u00e5ra senaste \u00e5rsredovisningar. \u00c5rsredovisning HTA AB 2015 \u00c5rsredovisning HTA AB 2016 \u00c5rsredovisning HTA AB 2017 Protokoll ordinarie bolagsst\u00e4mma 2018-04-27 \u00c5rsredovisning HTA AB 2018 \u00c5rsredovisning HTA AB 2019Protokoll Ordinarie Bolagst\u00e4mma 2019-04-15 Protokoll Ord.bolagsst\u00e4mma 2020-06-02 justerat \u00c5rsredovisning HTA AB 2021 Protokoll Ord.bolagsst\u00e4mma 2021-04-12 \u00c5rsredovisning HTA AB 2022 + Revisionsber\u00e4ttelse \u00c5rsredovisning f\u00f6r Hemavan T\u00e4rnaby Airport AB [&hellip;]<\/p>\n","protected":false},"author":1,"featured_media":0,"parent":329,"menu_order":10,"comment_status":"closed","ping_status":"open","template":"","meta":{"_genesis_hide_title":false,"_genesis_hide_breadcrumbs":false,"_genesis_hide_singular_image":false,"_genesis_hide_footer_widgets":false,"_genesis_custom_body_class":"","_genesis_custom_post_class":"","_genesis_layout":"content-sidebar","footnotes":""},"class_list":{"0":"post-352","1":"page","2":"type-page","3":"status-publish","5":"entry"},"featured_image_src":null,"featured_image_src_square":null,"_links":{"self":[{"href":"https:\/\/www.hemavantarnabyairport.se\/en\/wp-json\/wp\/v2\/pages\/352","targetHints":{"allow":["GET"]}}],"collection":[{"href":"https:\/\/www.hemavantarnabyairport.se\/en\/wp-json\/wp\/v2\/pages"}],"about":[{"href":"https:\/\/www.hemavantarnabyairport.se\/en\/wp-json\/wp\/v2\/types\/page"}],"author":[{"embeddable":true,"href":"https:\/\/www.hemavantarnabyairport.se\/en\/wp-json\/wp\/v2\/users\/1"}],"replies":[{"embeddable":true,"href":"https:\/\/www.hemavantarnabyairport.se\/en\/wp-json\/wp\/v2\/comments?post=352"}],"version-history":[{"count":51,"href":"https:\/\/www.hemavantarnabyairport.se\/en\/wp-json\/wp\/v2\/pages\/352\/revisions"}],"predecessor-version":[{"id":7209,"href":"https:\/\/www.hemavantarnabyairport.se\/en\/wp-json\/wp\/v2\/pages\/352\/revisions\/7209"}],"up":[{"embeddable":true,"href":"https:\/\/www.hemavantarnabyairport.se\/en\/wp-json\/wp\/v2\/pages\/329"}],"wp:attachment":[{"href":"https:\/\/www.hemavantarnabyairport.se\/en\/wp-json\/wp\/v2\/media?parent=352"}],"curies":[{"name":"wp","href":"https:\/\/api.w.org\/{rel}","templated":true}]}}