{"id":3697,"date":"2018-08-31T07:24:08","date_gmt":"2018-08-31T07:24:08","guid":{"rendered":"http:\/\/linwp.it4u.se\/stg\/?page_id=209"},"modified":"2026-03-13T10:15:50","modified_gmt":"2026-03-13T09:15:50","slug":"boka-2","status":"publish","type":"page","link":"https:\/\/www.hemavantarnabyairport.se\/en\/boka-2\/","title":{"rendered":"Book Flights"},"content":{"rendered":"<div style=\"padding-left:8%;padding-right:8%;padding-bottom:20%;padding-top:20%\" class=\"wp-block-genesis-blocks-gb-container alignfull gb-block-container\"><div class=\"gb-container-inside\"><div class=\"gb-container-image-wrap\"><img decoding=\"async\" class=\"gb-container-image has-background-dim-100 has-background-dim\" src=\"https:\/\/www.hemavantarnabyairport.se\/wp-content\/uploads\/2013\/12\/viterskalet-1280x7611.jpg\" alt=\"\"\/><\/div><div class=\"gb-container-content\" style=\"max-width:1200px\">\n<h1 class=\"wp-block-heading has-text-align-center\"><strong><mark style=\"background-color:rgba(0, 0, 0, 0);color:#ffffff\" class=\"has-inline-color\">Boka resa<\/mark> <\/strong><\/h1>\n<\/div><\/div><\/div>\n\n\n\n<div style=\"background-color:#002136\" class=\"wp-block-genesis-blocks-gb-container alignfull gb-block-container\"><div class=\"gb-container-inside\"><div class=\"gb-container-content\"><\/div><\/div><\/div>\n\n\n\n<h3 class=\"wp-block-heading\">Flyg<\/h3>\n\n\n\n<h2 class=\"wp-block-heading\"><strong>Du bokar sj\u00e4lv din flygbiljett direkt hos <\/strong><a href=\"https:\/\/www.populair.com\/\" target=\"_blank\" rel=\"noreferrer noopener\">populAir h\u00e4r!<\/a><\/h2>\n\n\n\n<p>Eller <strong>ring callcenter p\u00e5&nbsp;+46 (0)770 \u2013 790 &nbsp;700. <\/strong><\/p>\n\n\n\n<p><\/p>\n\n\n\n<hr class=\"wp-block-separator aligncenter has-alpha-channel-opacity is-style-wide\"\/>\n\n\n\n<h3 class=\"wp-block-heading\">Taxi<\/h3>\n\n\n\n<p>Taxi<\/p>\n\n\n\n<p>Beh\u00f6ver du transfer till och fr\u00e5n flygplatsen kontakta <strong>Hemavan Taxi 0954 210 20<\/strong> f\u00f6r mer information och f\u00f6rbokning. (De inte \u00e4r tillg\u00e4ngliga alla tider p\u00e5 dygnet och finns inte alltid p\u00e5 plats h\u00e4r.)<\/p>\n\n\n\n<hr class=\"wp-block-separator aligncenter has-alpha-channel-opacity is-style-wide\"\/>\n\n\n\n<h3 class=\"wp-block-heading\">Car rental<\/h3>\n\n\n\n<p>I Hemavan T\u00e4rnaby \u00e4r det&nbsp;<a title=\"mabi hyrbilar\" href=\"https:\/\/www.mabi.se\/\" target=\"_blank\" rel=\"noopener noreferrer\">Mabi<\/a> som kan hj\u00e4lpa dig med hyrbil.<\/p>\n\n\n\n<hr class=\"wp-block-separator aligncenter has-alpha-channel-opacity is-style-wide\"\/>\n\n\n\n<h3 class=\"wp-block-heading\">Transfer<\/h3>\n\n\n\n<p>It is about 10 minutes walking distance to the ski slopes and the larger residential facilities in the village of Hemavan. It takes about 25 minutes to walk up to H\u00f6gfj\u00e4llshotellet and the start of <a href=\"https:\/\/www.svenskaturistforeningen.se\/omraden\/kungsleden\/\" target=\"_blank\" rel=\"noopener noreferrer\">Kungsleden (the Kings Trail)<\/a> . We recommend that you pre-book taxi if you are not ready to take  on the mountain by foot.<\/p>\n\n\n\n<p>Till T\u00e4rnaby \u00e4r det 20 km och vi rekommenderar att ni f\u00f6rbokar en taxi eller annan transfer, h\u00f6r med din boendeanl\u00e4ggning vad de rekommenderar.<\/p>\n\n\n\n<p>For larger groups, contact us and we can help you to book a bus.<\/p>\n\n\n\n<hr class=\"wp-block-separator aligncenter has-alpha-channel-opacity is-style-wide\"\/>\n\n\n\n<h3 class=\"wp-block-heading\">Package tours and accommodation<\/h3>\n\n\n\n<p><a href=\"https:\/\/www.hemavantarnaby.com\/\" target=\"_blank\" rel=\"noopener noreferrer\">P\u00e5 Hemavan T\u00e4rnaby hemsida<\/a> kan du boka allt fr\u00e5n boende till paketresor. H\u00e4r hittar du ocks\u00e5 information om omr\u00e5det och tips p\u00e5 <a href=\"https:\/\/www.hemavantarnaby.com\/gora-sommar\/\" target=\"_blank\" rel=\"noopener noreferrer\">Link to Activities.<\/a><\/p>\n\n\n\n<hr class=\"wp-block-separator aligncenter has-alpha-channel-opacity is-style-wide\"\/>","protected":false},"excerpt":{"rendered":"<p>Flyg Du bokar sj\u00e4lv din flygbiljett direkt hos populAir h\u00e4r! Eller ring callcenter p\u00e5&nbsp;+46 (0)770 \u2013 790 &nbsp;700. Taxi Taxi Beh\u00f6ver du transfer till och fr\u00e5n flygplatsen kontakta Hemavan Taxi 0954 210 20 f\u00f6r mer information och f\u00f6rbokning. (De inte \u00e4r tillg\u00e4ngliga alla tider p\u00e5 dygnet och finns inte alltid p\u00e5 plats h\u00e4r.) Hyrbil I [&hellip;]<\/p>\n","protected":false},"author":1,"featured_media":0,"parent":0,"menu_order":0,"comment_status":"closed","ping_status":"closed","template":"","meta":{"_genesis_hide_title":true,"_genesis_hide_breadcrumbs":false,"_genesis_hide_singular_image":false,"_genesis_hide_footer_widgets":false,"_genesis_custom_body_class":"","_genesis_custom_post_class":"","_genesis_layout":"full-width-content","footnotes":""},"class_list":{"0":"post-3697","1":"page","2":"type-page","3":"status-publish","5":"entry"},"featured_image_src":null,"featured_image_src_square":null,"_links":{"self":[{"href":"https:\/\/www.hemavantarnabyairport.se\/en\/wp-json\/wp\/v2\/pages\/3697","targetHints":{"allow":["GET"]}}],"collection":[{"href":"https:\/\/www.hemavantarnabyairport.se\/en\/wp-json\/wp\/v2\/pages"}],"about":[{"href":"https:\/\/www.hemavantarnabyairport.se\/en\/wp-json\/wp\/v2\/types\/page"}],"author":[{"embeddable":true,"href":"https:\/\/www.hemavantarnabyairport.se\/en\/wp-json\/wp\/v2\/users\/1"}],"replies":[{"embeddable":true,"href":"https:\/\/www.hemavantarnabyairport.se\/en\/wp-json\/wp\/v2\/comments?post=3697"}],"version-history":[{"count":53,"href":"https:\/\/www.hemavantarnabyairport.se\/en\/wp-json\/wp\/v2\/pages\/3697\/revisions"}],"predecessor-version":[{"id":7157,"href":"https:\/\/www.hemavantarnabyairport.se\/en\/wp-json\/wp\/v2\/pages\/3697\/revisions\/7157"}],"wp:attachment":[{"href":"https:\/\/www.hemavantarnabyairport.se\/en\/wp-json\/wp\/v2\/media?parent=3697"}],"curies":[{"name":"wp","href":"https:\/\/api.w.org\/{rel}","templated":true}]}}