{"id":3698,"date":"2018-08-31T07:24:18","date_gmt":"2018-08-31T07:24:18","guid":{"rendered":"http:\/\/linwp.it4u.se\/stg\/?page_id=211"},"modified":"2025-06-12T10:20:14","modified_gmt":"2025-06-12T08:20:14","slug":"infor-resan-2","status":"publish","type":"page","link":"https:\/\/www.hemavantarnabyairport.se\/en\/infor-resan-2\/","title":{"rendered":"Before your flight"},"content":{"rendered":"<h3><span style=\"color: #000000;\">Alla inrikesavg\u00e5ngar fr\u00e5n Arlanda g\u00e5r fr\u00e5n\u00a0<\/span><span style=\"color: #000000;\">Terminal 3.<\/span><\/h3>\n<h3>Check in<\/h3>\n<p>Remember to take your ID with you, as mandatory identity controls apply - even on domestic flights.<\/p>\n<p><strong>Check-in opens 60 minutes before departure and closes 30 minutes before departure.<\/strong><\/p>\n<p>Please come on time!<\/p>\n<p>If you do not arrive before we close (30 min before departure) your seat on the flight will be made available to stand-by travellers.\u00a0 <strong>If we need to get in cntact with you for any reason always ensure that you are contactable on the phone number you entered in your booking.<\/strong><\/p>\n<p>Mark your baggage with your name, address and phone number. Pack valuables and medicines in your on board hand luggage. Bags for packing and proctection of prams\/strollers are available for 50 sek at the airport.<\/p>\n<h3>Luggage storage<\/h3>\n<p>\u00c4r du ute i v\u00e4ldigt god tid eller beh\u00f6ver bli av med ditt bagage i v\u00e4ntan p\u00e5 att incheckningen ska \u00f6ppna? Det finns ett bagagerum som v\u00e5ra g\u00e4ster kostnadsfritt f\u00e5r utnyttja. Vi tar inte ansvar f\u00f6r eventuella v\u00e4rdesaker\/v\u00e4skor i bagagerummet.<\/p>\n<p>This service is only available during our regular opening hours.<\/p>\n<h3>Security<\/h3>\n<p>After you have checked in, you must pass the security check point. For information on he rules of what is allowed in your checked baggage and in your hand luggage you can click on <a href=\"http:\/\/transportstyrelsen.se\/sv\/Luftfart\/Flygresenar\/\" target=\"_blank\" rel=\"noopener noreferrer\">this Link<\/a><\/p>\n<h3>Departure lounge \/ Gate<\/h3>\n<p>N\u00e4r du passerat s\u00e4kerhetskontrollen kommer du direkt in i gaten. H\u00e4r finns det m\u00f6jlighet att k\u00f6pa kaffe, te, choklad, l\u00e4sk och tilltugg i v\u00e5ra automater. Det finns toaletter och en liten lekh\u00f6rna f\u00f6r v\u00e5ra yngsta passagerare.<\/p>\n<h3>Parking<\/h3>\n<p>P\u00e5 Hemavan T\u00e4rnaby Airport parkerar du gratis i 2 timmar, efter det tar vi ut en parkeringsavgift. Mer information g\u00e4llande parkering hittar du <a href=\"https:\/\/www.hemavantarnabyairport.se\/en\/infor-resan-2\/transport-och-parkering\/\">this Link<\/a><\/p>\n<h3>Taxi<\/h3>\n<p>If you need transfer to and from the airport, it needs to be pre-booked with<br \/>\nHemavan Taxi &#8211; 0954- 210 20.<\/p>\n<p>When booking transfers for early morning flights you need to book prior to 17.00 the day before your departure.<\/p>\n<h3><span style=\"color: #ff6600;\"><em>We wish you a pleasant trip!<\/em><\/span><\/h3>\n<p>We hope you enjoy you journey, please do not hesitate to ask us if there is anything you need help with. We are here for you!<\/p>\n<p><em>Best regards \/ Airport Staff<\/em><\/p>","protected":false},"excerpt":{"rendered":"<p>Alla inrikesavg\u00e5ngar fr\u00e5n Arlanda g\u00e5r fr\u00e5n\u00a0Terminal 3. Incheckning Kom ih\u00e5g att ta med legitimation, eftersom obligatorisk LEG-kontroll g\u00e4ller \u2013 \u00e4ven p\u00e5 inrikesflyg. Incheckningen \u00f6ppnar 60 minuter f\u00f6re avg\u00e5ngstid och st\u00e4nger 30 min f\u00f6re avg\u00e5ng. V\u00e4nligen kom i tid! Kommer du inte innan vi st\u00e4nger (30 min innan avg\u00e5ng) st\u00e4lls din flygstol till f\u00f6rfogande f\u00f6r obokade [&hellip;]<\/p>\n","protected":false},"author":1,"featured_media":0,"parent":0,"menu_order":0,"comment_status":"closed","ping_status":"closed","template":"","meta":{"_genesis_hide_title":false,"_genesis_hide_breadcrumbs":false,"_genesis_hide_singular_image":false,"_genesis_hide_footer_widgets":false,"_genesis_custom_body_class":"","_genesis_custom_post_class":"","_genesis_layout":"full-width-content","footnotes":""},"class_list":{"0":"post-3698","1":"page","2":"type-page","3":"status-publish","5":"entry"},"featured_image_src":null,"featured_image_src_square":null,"_links":{"self":[{"href":"https:\/\/www.hemavantarnabyairport.se\/en\/wp-json\/wp\/v2\/pages\/3698","targetHints":{"allow":["GET"]}}],"collection":[{"href":"https:\/\/www.hemavantarnabyairport.se\/en\/wp-json\/wp\/v2\/pages"}],"about":[{"href":"https:\/\/www.hemavantarnabyairport.se\/en\/wp-json\/wp\/v2\/types\/page"}],"author":[{"embeddable":true,"href":"https:\/\/www.hemavantarnabyairport.se\/en\/wp-json\/wp\/v2\/users\/1"}],"replies":[{"embeddable":true,"href":"https:\/\/www.hemavantarnabyairport.se\/en\/wp-json\/wp\/v2\/comments?post=3698"}],"version-history":[{"count":22,"href":"https:\/\/www.hemavantarnabyairport.se\/en\/wp-json\/wp\/v2\/pages\/3698\/revisions"}],"predecessor-version":[{"id":6686,"href":"https:\/\/www.hemavantarnabyairport.se\/en\/wp-json\/wp\/v2\/pages\/3698\/revisions\/6686"}],"wp:attachment":[{"href":"https:\/\/www.hemavantarnabyairport.se\/en\/wp-json\/wp\/v2\/media?parent=3698"}],"curies":[{"name":"wp","href":"https:\/\/api.w.org\/{rel}","templated":true}]}}