{"id":3855,"date":"2018-10-22T12:58:59","date_gmt":"2018-10-22T10:58:59","guid":{"rendered":"http:\/\/www.hemavantarnabyairport.se\/?page_id=3855"},"modified":"2026-03-26T18:08:09","modified_gmt":"2026-03-26T17:08:09","slug":"transport-och-parkering","status":"publish","type":"page","link":"https:\/\/www.hemavantarnabyairport.se\/en\/infor-resan-2\/transport-och-parkering\/","title":{"rendered":"Transport and parking"},"content":{"rendered":"<h3>Taxi<\/h3>\n<p>Beh\u00f6ver du transfer till och fr\u00e5n flygplatsen kontakta <strong>Hemavan Taxi 0954 210 20 <\/strong>f\u00f6r mer information och f\u00f6rbokning. (De inte \u00e4r tillg\u00e4ngliga alla tider p\u00e5 dygnet och finns inte alltid p\u00e5 plats h\u00e4r.)<\/p>\n<h3>Car rental<\/h3>\n<p>I Hemavan T\u00e4rnaby finns det en hyrbilsbolag som levererar hyrbilar till flygplatsen.<\/p>\n<p><a title=\"mabi hyrbilar\" href=\"http:\/\/www.mabi.se\/station\/030\" target=\"_blank\" rel=\"noopener noreferrer\">Mabi<\/a> \u00a0f\u00f6r mer information klicka dig in p\u00e5 deras hemsidor.<\/p>\n<h3>Transfer<\/h3>\n<p>It is about 10 minutes walking distance to the ski slopes and the larger residential facilities in the village of Hemavan. It takes about 25 minutes to walk up to H\u00f6gfj\u00e4llshotellet and the start of\u00a0<a href=\"https:\/\/www.svenskaturistforeningen.se\/omraden\/kungsleden\/\" target=\"_blank\" rel=\"noopener noreferrer\">Kungsleden (the Kings Trail)<\/a>\u00a0. We recommend that you pre-book taxi if you are not ready to take  on the mountain by foot.<\/p>\n<p>It is 20 kms to Tarnaby and here we also recommend that you pre-book a taxi.<\/p>\n<p>For larger groups, contact us and we can help you to book a bus.<\/p>\n<h3>Parking<\/h3>\n<p>Vi har ca 50 parkeringsplatser delat i kort och l\u00e5ngtidsparkering, omr\u00e5det \u00e4r inte inh\u00e4gnat.<\/p>\n<h5><strong><span style=\"color: #ff0000;\">De f\u00f6rsta 2 timmarna som \u00e4r gratis. <\/span><\/strong><\/h5>\n<p><span style=\"color: #000000;\">Sen tar vi ut en parkeringsavgift efter de f\u00f6rsta 2 timmar.<\/span><\/p>\n<h3>Priser Parkering<\/h3>\n<p><strong>Parkster 92001 <\/strong><strong>Korttidsparkering;<\/strong><\/p>\n<ul>\n<li>Dygn: 150 SEK<\/li>\n<li>Vecka: 1000 SEK<\/li>\n<\/ul>\n<p><strong>Parkster 92002 L\u00e5ngtidsparkering;<\/strong><\/p>\n<ul>\n<li>Dygn 75kr<\/li>\n<li>Vecka 475kr<\/li>\n<li>M\u00e5nad 800kr<\/li>\n<li>\u00c5rsparkering 3300kr + 600 kr f\u00f6r tillg\u00e5ng till elstolpe.<\/li>\n<\/ul>\n<p>Betalar g\u00f6r man direkt med ett sms eller via <a href=\"https:\/\/www.parkster.com\/se\/\" target=\"_blank\" rel=\"noopener noreferrer\">Parkster<\/a>\u00a0app. More detailed information is available at the airport or at<a href=\"https:\/\/www.parkster.com\/se\/\" target=\"_blank\" rel=\"noopener noreferrer\">\u00a0Parkster<\/a>.<\/p>\n<h3>Ladda din bil<\/h3>\n<p>Beh\u00f6ver du ladda din hybrid eller elbil? Nu finns det m\u00f6jlighet att ladda din bil p\u00e5 v\u00e5r parkering.<\/p>\n<p>F\u00f6r att anv\u00e4nda n\u00e5gon av v\u00e5ra laddplatser scannar du enkelt QR koden p\u00e5 den stolpen som ska anv\u00e4ndas. Klicka p\u00e5 l\u00e4nken f\u00f6r att komma vidare i mobilens webbl\u00e4sare. I webbl\u00e4saren presenteras du med aktuellt timpris p\u00e5 el och kan d\u00e5 v\u00e4lja hur l\u00e5ng tid du vill ladda och betals\u00e4tt. Har du n\u00e5gra fr\u00e5gor \u00e4r du v\u00e4lkommen in till receptionen s\u00e5 hj\u00e4lper vi dig s\u00e5 gott vi kan!<\/p>\n<p><strong>Need to plug in you vehicle engine block heater?<\/strong><\/p>\n<ul>\n<li>Note which number you are parked on!<\/li>\n<li>plug in your engine heater<\/li>\n<li>It costs 20:-kr per use.<\/li>\n<li>See payment instructions at the airport.<\/li>\n<\/ul>\n<p><strong>Tips:<\/strong> Take a picture of the intruction with your mobile phone so you'll remember!<\/p>\n<p><a href=\"http:\/\/www.hemavantarnabyairport.se\/en\/motorvarmare-skyllt\/\"><img fetchpriority=\"high\" decoding=\"async\" class=\"alignleft size-full wp-image-4321\" src=\"http:\/\/www.hemavantarnabyairport.se\/wp-content\/uploads\/2019\/11\/Motorv\u00e4rmare-skyllt.jpg\" alt=\"\" width=\"284\" height=\"355\" \/><\/a><\/p>","protected":false},"excerpt":{"rendered":"<p>Taxi Beh\u00f6ver du transfer till och fr\u00e5n flygplatsen kontakta Hemavan Taxi 0954 210 20 f\u00f6r mer information och f\u00f6rbokning. (De inte \u00e4r tillg\u00e4ngliga alla tider p\u00e5 dygnet och finns inte alltid p\u00e5 plats h\u00e4r.) Hyrbil I Hemavan T\u00e4rnaby finns det en hyrbilsbolag som levererar hyrbilar till flygplatsen. Mabi \u00a0f\u00f6r mer information klicka dig in p\u00e5 [&hellip;]<\/p>\n","protected":false},"author":1,"featured_media":0,"parent":3698,"menu_order":4,"comment_status":"closed","ping_status":"closed","template":"","meta":{"_genesis_hide_title":false,"_genesis_hide_breadcrumbs":false,"_genesis_hide_singular_image":false,"_genesis_hide_footer_widgets":false,"_genesis_custom_body_class":"","_genesis_custom_post_class":"","_genesis_layout":"","footnotes":""},"class_list":{"0":"post-3855","1":"page","2":"type-page","3":"status-publish","5":"entry"},"featured_image_src":null,"featured_image_src_square":null,"_links":{"self":[{"href":"https:\/\/www.hemavantarnabyairport.se\/en\/wp-json\/wp\/v2\/pages\/3855","targetHints":{"allow":["GET"]}}],"collection":[{"href":"https:\/\/www.hemavantarnabyairport.se\/en\/wp-json\/wp\/v2\/pages"}],"about":[{"href":"https:\/\/www.hemavantarnabyairport.se\/en\/wp-json\/wp\/v2\/types\/page"}],"author":[{"embeddable":true,"href":"https:\/\/www.hemavantarnabyairport.se\/en\/wp-json\/wp\/v2\/users\/1"}],"replies":[{"embeddable":true,"href":"https:\/\/www.hemavantarnabyairport.se\/en\/wp-json\/wp\/v2\/comments?post=3855"}],"version-history":[{"count":27,"href":"https:\/\/www.hemavantarnabyairport.se\/en\/wp-json\/wp\/v2\/pages\/3855\/revisions"}],"predecessor-version":[{"id":7182,"href":"https:\/\/www.hemavantarnabyairport.se\/en\/wp-json\/wp\/v2\/pages\/3855\/revisions\/7182"}],"up":[{"embeddable":true,"href":"https:\/\/www.hemavantarnabyairport.se\/en\/wp-json\/wp\/v2\/pages\/3698"}],"wp:attachment":[{"href":"https:\/\/www.hemavantarnabyairport.se\/en\/wp-json\/wp\/v2\/media?parent=3855"}],"curies":[{"name":"wp","href":"https:\/\/api.w.org\/{rel}","templated":true}]}}