{"id":3862,"date":"2018-10-22T13:12:49","date_gmt":"2018-10-22T11:12:49","guid":{"rendered":"http:\/\/www.hemavantarnabyairport.se\/?page_id=3862"},"modified":"2024-09-30T09:49:03","modified_gmt":"2024-09-30T07:49:03","slug":"assistans","status":"publish","type":"page","link":"https:\/\/www.hemavantarnabyairport.se\/en\/infor-resan-2\/assistans\/","title":{"rendered":"Assistance"},"content":{"rendered":"<h2>Do you need assistance?<\/h2>\n<div class=\"rte\">\n<p>Du som har funktionshinder, funktionsneds\u00e4ttning eller \u00f6nskar hj\u00e4lp under din resa beh\u00f6ver meddela flygplatsen eller populAirs Callcenter i f\u00f6rv\u00e4g. Flygplatspersonalen hj\u00e4lper dig genom s\u00e4kerhetskontrollen och ut till flygplanet, d\u00e4r du blir omh\u00e4ndertagen av flygv\u00e4rden.<\/p>\n<h3>Wheelchair or walker<\/h3>\n<p>Rullstol eller rullator checkas naturligtvis in utan extra kostnad och inr\u00e4knas inte i den maximala bagagevikten. De maximala m\u00e5tten f\u00f6r rullstol \u00e4r 80 x 50 x 70 cm och den maximala vikten 50 kg. F\u00f6r elektriska rullstolar g\u00e4ller s\u00e4rskilda regler. V\u00e4nligen kontakta populAirs Callcenter direkt f\u00f6r att dem ska kunna bed\u00f6ma om ert hj\u00e4lpmedel \u00e4r l\u00e4mpligt att medf\u00f6ra ombord eller ej.<\/p>\n<p>Har ni \u00f6vriga fr\u00e5gor om funktionshinder eller s\u00e4rskilda behov, tveka inte att kontakta flygplatsen eller populAirs Callcenter.<\/p>\n<\/div>","protected":false},"excerpt":{"rendered":"<p>Beh\u00f6ver du assistans? Du som har funktionshinder, funktionsneds\u00e4ttning eller \u00f6nskar hj\u00e4lp under din resa beh\u00f6ver meddela flygplatsen eller populAirs Callcenter i f\u00f6rv\u00e4g. Flygplatspersonalen hj\u00e4lper dig genom s\u00e4kerhetskontrollen och ut till flygplanet, d\u00e4r du blir omh\u00e4ndertagen av flygv\u00e4rden. Rullstol eller rullator Rullstol eller rullator checkas naturligtvis in utan extra kostnad och inr\u00e4knas inte i den maximala [&hellip;]<\/p>\n","protected":false},"author":1,"featured_media":0,"parent":3698,"menu_order":1,"comment_status":"closed","ping_status":"closed","template":"","meta":{"_genesis_hide_title":false,"_genesis_hide_breadcrumbs":false,"_genesis_hide_singular_image":false,"_genesis_hide_footer_widgets":false,"_genesis_custom_body_class":"","_genesis_custom_post_class":"","_genesis_layout":"","footnotes":""},"class_list":{"0":"post-3862","1":"page","2":"type-page","3":"status-publish","5":"entry"},"featured_image_src":null,"featured_image_src_square":null,"_links":{"self":[{"href":"https:\/\/www.hemavantarnabyairport.se\/en\/wp-json\/wp\/v2\/pages\/3862","targetHints":{"allow":["GET"]}}],"collection":[{"href":"https:\/\/www.hemavantarnabyairport.se\/en\/wp-json\/wp\/v2\/pages"}],"about":[{"href":"https:\/\/www.hemavantarnabyairport.se\/en\/wp-json\/wp\/v2\/types\/page"}],"author":[{"embeddable":true,"href":"https:\/\/www.hemavantarnabyairport.se\/en\/wp-json\/wp\/v2\/users\/1"}],"replies":[{"embeddable":true,"href":"https:\/\/www.hemavantarnabyairport.se\/en\/wp-json\/wp\/v2\/comments?post=3862"}],"version-history":[{"count":5,"href":"https:\/\/www.hemavantarnabyairport.se\/en\/wp-json\/wp\/v2\/pages\/3862\/revisions"}],"predecessor-version":[{"id":6272,"href":"https:\/\/www.hemavantarnabyairport.se\/en\/wp-json\/wp\/v2\/pages\/3862\/revisions\/6272"}],"up":[{"embeddable":true,"href":"https:\/\/www.hemavantarnabyairport.se\/en\/wp-json\/wp\/v2\/pages\/3698"}],"wp:attachment":[{"href":"https:\/\/www.hemavantarnabyairport.se\/en\/wp-json\/wp\/v2\/media?parent=3862"}],"curies":[{"name":"wp","href":"https:\/\/api.w.org\/{rel}","templated":true}]}}