{"id":3891,"date":"2018-10-22T14:14:24","date_gmt":"2018-10-22T12:14:24","guid":{"rendered":"http:\/\/www.hemavantarnabyairport.se\/?page_id=3891"},"modified":"2022-03-13T18:25:06","modified_gmt":"2022-03-13T17:25:06","slug":"rapportera-synpunkter-eller-observationer","status":"publish","type":"page","link":"https:\/\/www.hemavantarnabyairport.se\/en\/om-oss\/rapportera-synpunkter-eller-observationer\/","title":{"rendered":"Report, feedback or observations"},"content":{"rendered":"<h3><strong>Do you want to leave a report, an observation or recommendation?<\/strong><\/h3>\n<p><a href=\"http:\/\/v3.qoms.se\/app\/#\/occurrences\/external?site=db23367de86a2acd5d366e007269dac4896951df&amp;lang=sv\" target=\"_blank\" rel=\"noopener noreferrer\">Please fill out the following linked formular.<\/a><\/p>","protected":false},"excerpt":{"rendered":"<p>Vill du rapportera n\u00e5got eller har Synpunkter? H\u00e4r kan du l\u00e4mna flygrelaterade synpunkter eller observationer som du tycker vi ska ta del av.<\/p>","protected":false},"author":1,"featured_media":0,"parent":329,"menu_order":8,"comment_status":"closed","ping_status":"closed","template":"","meta":{"_genesis_hide_title":false,"_genesis_hide_breadcrumbs":false,"_genesis_hide_singular_image":false,"_genesis_hide_footer_widgets":false,"_genesis_custom_body_class":"","_genesis_custom_post_class":"","_genesis_layout":"","footnotes":""},"class_list":{"0":"post-3891","1":"page","2":"type-page","3":"status-publish","5":"entry"},"featured_image_src":null,"featured_image_src_square":null,"_links":{"self":[{"href":"https:\/\/www.hemavantarnabyairport.se\/en\/wp-json\/wp\/v2\/pages\/3891","targetHints":{"allow":["GET"]}}],"collection":[{"href":"https:\/\/www.hemavantarnabyairport.se\/en\/wp-json\/wp\/v2\/pages"}],"about":[{"href":"https:\/\/www.hemavantarnabyairport.se\/en\/wp-json\/wp\/v2\/types\/page"}],"author":[{"embeddable":true,"href":"https:\/\/www.hemavantarnabyairport.se\/en\/wp-json\/wp\/v2\/users\/1"}],"replies":[{"embeddable":true,"href":"https:\/\/www.hemavantarnabyairport.se\/en\/wp-json\/wp\/v2\/comments?post=3891"}],"version-history":[{"count":2,"href":"https:\/\/www.hemavantarnabyairport.se\/en\/wp-json\/wp\/v2\/pages\/3891\/revisions"}],"predecessor-version":[{"id":4356,"href":"https:\/\/www.hemavantarnabyairport.se\/en\/wp-json\/wp\/v2\/pages\/3891\/revisions\/4356"}],"up":[{"embeddable":true,"href":"https:\/\/www.hemavantarnabyairport.se\/en\/wp-json\/wp\/v2\/pages\/329"}],"wp:attachment":[{"href":"https:\/\/www.hemavantarnabyairport.se\/en\/wp-json\/wp\/v2\/media?parent=3891"}],"curies":[{"name":"wp","href":"https:\/\/api.w.org\/{rel}","templated":true}]}}