{"id":3905,"date":"2018-10-24T10:01:14","date_gmt":"2018-10-24T08:01:14","guid":{"rendered":"http:\/\/www.hemavantarnabyairport.se\/?page_id=3905"},"modified":"2026-01-09T11:14:13","modified_gmt":"2026-01-09T10:14:13","slug":"jobba-hos-oss","status":"publish","type":"page","link":"https:\/\/www.hemavantarnabyairport.se\/en\/om-oss\/jobba-hos-oss\/","title":{"rendered":"Employment opportunities"},"content":{"rendered":"<p>Our airport is located in the middle of the mountains in a magnificent mountain environment, from here you can walk to both slopes, fishing and the Kungsleden trail. Here you are close to your leisure interests and many of us have moved here and stayed. We are currently looking for people for the field and ramp, email andreas@htairport.se for more info!<\/p>\n<p><img fetchpriority=\"high\" decoding=\"async\" class=\"alignnone size-large wp-image-6123\" src=\"https:\/\/www.hemavantarnabyairport.se\/wp-content\/uploads\/2024\/04\/DSCF1926-819x1024.jpeg\" alt=\"\" width=\"819\" height=\"1024\" srcset=\"https:\/\/www.hemavantarnabyairport.se\/wp-content\/uploads\/2024\/04\/DSCF1926-819x1024.jpeg 819w, https:\/\/www.hemavantarnabyairport.se\/wp-content\/uploads\/2024\/04\/DSCF1926-240x300.jpeg 240w, https:\/\/www.hemavantarnabyairport.se\/wp-content\/uploads\/2024\/04\/DSCF1926-768x960.jpeg 768w, https:\/\/www.hemavantarnabyairport.se\/wp-content\/uploads\/2024\/04\/DSCF1926-1229x1536.jpeg 1229w, https:\/\/www.hemavantarnabyairport.se\/wp-content\/uploads\/2024\/04\/DSCF1926-1638x2048.jpeg 1638w, https:\/\/www.hemavantarnabyairport.se\/wp-content\/uploads\/2024\/04\/DSCF1926-10x12.jpeg 10w, https:\/\/www.hemavantarnabyairport.se\/wp-content\/uploads\/2024\/04\/DSCF1926-scaled.jpeg 2048w\" sizes=\"(max-width: 819px) 100vw, 819px\" \/><\/p>\n<h3><span style=\"font-size: 18px; font-family: Muli, sans-serif;\">Please follow us on Instagram and Facebook where we post when we have vacancies!<\/span><\/h3>","protected":false},"excerpt":{"rendered":"<p>V\u00e5r flygplats ligger mitt i fj\u00e4llen i storslagen fj\u00e4llmilj\u00f6, h\u00e4rifr\u00e5n kan du g\u00e5 till b\u00e5de backar, fisket och Kungsleden. H\u00e4r har du n\u00e4ra till dina fritidsintressen och vi \u00e4r m\u00e5nga som flyttat hit och blivit kvar. Vi s\u00f6ker personer just nu till f\u00e4lt och ramp, maila andreas@htairport.se f\u00f6r mer info! F\u00f6lj oss g\u00e4rna p\u00e5 Instagram [&hellip;]<\/p>\n","protected":false},"author":1,"featured_media":0,"parent":329,"menu_order":6,"comment_status":"closed","ping_status":"closed","template":"","meta":{"_genesis_hide_title":false,"_genesis_hide_breadcrumbs":false,"_genesis_hide_singular_image":false,"_genesis_hide_footer_widgets":false,"_genesis_custom_body_class":"","_genesis_custom_post_class":"","_genesis_layout":"","footnotes":""},"class_list":{"0":"post-3905","1":"page","2":"type-page","3":"status-publish","5":"entry","6":"has-post-thumbnail"},"featured_image_src":null,"featured_image_src_square":null,"_links":{"self":[{"href":"https:\/\/www.hemavantarnabyairport.se\/en\/wp-json\/wp\/v2\/pages\/3905","targetHints":{"allow":["GET"]}}],"collection":[{"href":"https:\/\/www.hemavantarnabyairport.se\/en\/wp-json\/wp\/v2\/pages"}],"about":[{"href":"https:\/\/www.hemavantarnabyairport.se\/en\/wp-json\/wp\/v2\/types\/page"}],"author":[{"embeddable":true,"href":"https:\/\/www.hemavantarnabyairport.se\/en\/wp-json\/wp\/v2\/users\/1"}],"replies":[{"embeddable":true,"href":"https:\/\/www.hemavantarnabyairport.se\/en\/wp-json\/wp\/v2\/comments?post=3905"}],"version-history":[{"count":53,"href":"https:\/\/www.hemavantarnabyairport.se\/en\/wp-json\/wp\/v2\/pages\/3905\/revisions"}],"predecessor-version":[{"id":7062,"href":"https:\/\/www.hemavantarnabyairport.se\/en\/wp-json\/wp\/v2\/pages\/3905\/revisions\/7062"}],"up":[{"embeddable":true,"href":"https:\/\/www.hemavantarnabyairport.se\/en\/wp-json\/wp\/v2\/pages\/329"}],"wp:attachment":[{"href":"https:\/\/www.hemavantarnabyairport.se\/en\/wp-json\/wp\/v2\/media?parent=3905"}],"curies":[{"name":"wp","href":"https:\/\/api.w.org\/{rel}","templated":true}]}}