{"id":4680,"date":"2021-02-01T11:09:45","date_gmt":"2021-02-01T10:09:45","guid":{"rendered":"http:\/\/www.hemavantarnabyairport.se\/?page_id=4680"},"modified":"2022-03-13T18:05:10","modified_gmt":"2022-03-13T17:05:10","slug":"cookie-policy","status":"publish","type":"page","link":"https:\/\/www.hemavantarnabyairport.se\/en\/om-oss\/cookie-policy\/","title":{"rendered":"Cookie Policy"},"content":{"rendered":"<div class=\"cli_pg_page_contaner\">\n<h3>Cookiepolicy<\/h3>\n<p>Vi anv\u00e4nder cookies f\u00f6r att f\u00f6rb\u00e4ttra anv\u00e4ndarupplevelsen p\u00e5 v\u00e5r webbplats.<\/p>\n<p>Genom att acceptera cookies samtycker du till att Hemavan T\u00e4rnaby Airport f\u00e5r anv\u00e4nda cookies p\u00e5 det s\u00e4tt som anges nedan. En cookie \u00e4r en liten textfil som placeras p\u00e5 din enhet: mobil, dator eller surfplatta. Cookien k\u00e4nner igen vilken typ av inneh\u00e5ll som du letat efter och vilka sidor du har bes\u00f6kt p\u00e5 v\u00e5r webbplats. Information som sparas med hj\u00e4lp av en cookie kan vara hur du anv\u00e4nder v\u00e5r webbplats, vilken typ av webbl\u00e4sare du anv\u00e4nder och vilka sidor du har bes\u00f6kt.<\/p>\n<p>Cookies g\u00f6r det m\u00f6jligt f\u00f6r oss att kunna ge dig som bes\u00f6kare b\u00e4ttre service och f\u00f6r att kunna m\u00e4ta antalet bes\u00f6kare p\u00e5 webbplatsen samt se anv\u00e4ndningsm\u00f6nster. Vi kan \u00e4ven lagra information om dina specifika preferenser, s\u00e5 att vi kan anpassa v\u00e5r hemsida efter just dina individuella intressen.<\/p>\n<div><\/div>\n<p>Vi vidarebefordrar cookies och annan information fr\u00e5n din enhet till v\u00e5ra samarbetspartners. De kan i sin tur kombinera informationen med annan information som du har tillhandah\u00e5llit eller som de har samlat in n\u00e4r du har anv\u00e4nt deras tj\u00e4nster.<\/p>\n<h6><\/h6>\n<h6><strong>N\u00e4rmare beskrivning av de cookies vi anv\u00e4nder&nbsp;<\/strong><\/h6>\n<div><\/div>\n<p>En permanent cookie ligger kvar p\u00e5 din dator en l\u00e4ngre tid. En sessionscookie lagras tillf\u00e4lligt i minnet medan du \u00e4r inne p\u00e5 v\u00e5r webbplats. Sessionscookien f\u00f6rsvinner n\u00e4r du st\u00e4nger din webbl\u00e4sare. Vi anv\u00e4nder b\u00e5de permanenta cookies och sessionscookies. Hemavan T\u00e4rnaby Airport anv\u00e4nder ocks\u00e5 tredjepartscookies. En tredjepartscookie \u00e4r en cookie d\u00e4r avs\u00e4ndaren kommer fr\u00e5n en annan dom\u00e4n \u00e4n den som anv\u00e4ndaren bes\u00f6ker. Cookien har allts\u00e5 en dom\u00e4nnamnsavs\u00e4ndare som skiljer sig fr\u00e5n den url som webbplatsen har.<\/p>\n<div><\/div>\n<p>Hemavan T\u00e4rnaby Airport&nbsp;anv\u00e4nder cookies f\u00f6r att samla in aggregerad data om antal bes\u00f6kare, bes\u00f6karnas operativsystem, webbl\u00e4sare, tid p\u00e5 sidan, nya kontra \u00e5terkommande kunder, etc. Denna data anv\u00e4nds inte f\u00f6r att personligen identifiera dig utan f\u00f6r att vi ska kunna ge dig mest relevant service och f\u00f6ra statistik.<\/p>\n<p>Vill du veta mer om vilka cookies vi anv\u00e4nder s\u00e5 kan du kontakta oss p\u00e5 info@htairport.se<\/p>\n<\/div>\n<div><\/div>\n<div class=\"cli_pg_page_contaner\">\n<h6><strong>Hur \u00e4ndrar jag mina cookieinst\u00e4llningar?&nbsp;<\/strong><\/h6>\n<p>Om du inte vill att v\u00e5r webbplats placerar cookies i din dator kan du avaktivera cookies i din webbl\u00e4sare. Bes\u00f6k din webbl\u00e4sares hj\u00e4lpsidor f\u00f6r mer information om detta.\u202fOm du avaktiverar cookies kommer funktionaliteten p\u00e5 v\u00e5r webbplats att begr\u00e4nsas.<\/p>\n<h6><\/h6>\n<h6><strong>Hur \u00e4ndrar jag mitt samtycke?<\/strong><\/h6>\n<p>Om du har fr\u00e5gor eller kommentarer om v\u00e5r cookiepolicy eller vill \u00e4ndra eller dra tillbaka ditt samtycke till cookies p\u00e5 v\u00e5r webbplats v\u00e4nligen kontakta:<\/p>\n<p>Hemavan T\u00e4rnaby Airport<\/p>\n<p>\u00c4lvstigen 20, 92066 Hemavan<\/p>\n<p>info@htairport.se<\/p>\n<p>0954-30530<\/p>\n<div><\/div>\n<\/div>","protected":false},"excerpt":{"rendered":"<p>Cookiepolicy Vi anv\u00e4nder cookies f\u00f6r att f\u00f6rb\u00e4ttra anv\u00e4ndarupplevelsen p\u00e5 v\u00e5r webbplats. Genom att acceptera cookies samtycker du till att Hemavan T\u00e4rnaby Airport f\u00e5r anv\u00e4nda cookies p\u00e5 det s\u00e4tt som anges nedan. En cookie \u00e4r en liten textfil som placeras p\u00e5 din enhet: mobil, dator eller surfplatta. Cookien k\u00e4nner igen vilken typ av inneh\u00e5ll som du [&hellip;]<\/p>\n","protected":false},"author":1,"featured_media":0,"parent":329,"menu_order":3,"comment_status":"closed","ping_status":"closed","template":"","meta":{"_genesis_hide_title":false,"_genesis_hide_breadcrumbs":false,"_genesis_hide_singular_image":false,"_genesis_hide_footer_widgets":false,"_genesis_custom_body_class":"","_genesis_custom_post_class":"","_genesis_layout":"","footnotes":""},"class_list":{"0":"post-4680","1":"page","2":"type-page","3":"status-publish","5":"entry"},"featured_image_src":null,"featured_image_src_square":null,"_links":{"self":[{"href":"https:\/\/www.hemavantarnabyairport.se\/en\/wp-json\/wp\/v2\/pages\/4680","targetHints":{"allow":["GET"]}}],"collection":[{"href":"https:\/\/www.hemavantarnabyairport.se\/en\/wp-json\/wp\/v2\/pages"}],"about":[{"href":"https:\/\/www.hemavantarnabyairport.se\/en\/wp-json\/wp\/v2\/types\/page"}],"author":[{"embeddable":true,"href":"https:\/\/www.hemavantarnabyairport.se\/en\/wp-json\/wp\/v2\/users\/1"}],"replies":[{"embeddable":true,"href":"https:\/\/www.hemavantarnabyairport.se\/en\/wp-json\/wp\/v2\/comments?post=4680"}],"version-history":[{"count":11,"href":"https:\/\/www.hemavantarnabyairport.se\/en\/wp-json\/wp\/v2\/pages\/4680\/revisions"}],"predecessor-version":[{"id":5097,"href":"https:\/\/www.hemavantarnabyairport.se\/en\/wp-json\/wp\/v2\/pages\/4680\/revisions\/5097"}],"up":[{"embeddable":true,"href":"https:\/\/www.hemavantarnabyairport.se\/en\/wp-json\/wp\/v2\/pages\/329"}],"wp:attachment":[{"href":"https:\/\/www.hemavantarnabyairport.se\/en\/wp-json\/wp\/v2\/media?parent=4680"}],"curies":[{"name":"wp","href":"https:\/\/api.w.org\/{rel}","templated":true}]}}