{"id":5425,"date":"2022-07-05T10:29:35","date_gmt":"2022-07-05T08:29:35","guid":{"rendered":"https:\/\/www.hemavantarnabyairport.se\/?page_id=5425"},"modified":"2025-02-06T11:46:50","modified_gmt":"2025-02-06T10:46:50","slug":"miljoarbete-2","status":"publish","type":"page","link":"https:\/\/www.hemavantarnabyairport.se\/en\/miljoarbete-2\/","title":{"rendered":"Milj\u00f6arbete"},"content":{"rendered":"<p>Flygets milj\u00f6p\u00e5verkan \u00e4r av avg\u00f6rande betydelse f\u00f6r flygbranschen och f\u00f6r oss. D\u00e4rf\u00f6r str\u00e4var vi st\u00e4ndigt efter att minska den negativa milj\u00f6p\u00e5verkan fr\u00e5n flygplatsen. Vi deltar projektet Gr\u00f6n flygplats parallellt med v\u00e5rt eget milj\u00f6arbete och du kan s\u00e5klart <a href=\"https:\/\/flygreenfund.se\/hmv\/\" target=\"_blank\" rel=\"noreferrer noopener\">klimatreducera din resa till och fr\u00e5n oss h\u00e4r<\/a>. <\/p>\n\n\n\n<p>N\u00e5gra av de \u00e5tg\u00e4rder vi jobbar med \u00e4r: <\/p>\n\n\n\n<ul class=\"wp-block-list\">\n<li>Bed\u00f6ma och hantera milj\u00f6riskerna p\u00e5 ett systematiskt s\u00e4tt<\/li>\n\n\n\n<li>Minska v\u00e5r resursf\u00f6rbrukning (papper, energi och annat avfall)<\/li>\n\n\n\n<li>Vi anv\u00e4nder oss av varmvattensandning ist\u00e4llet f\u00f6r farliga \u00e4mnen n\u00e4r det \u00e4r halka p\u00e5 landningsbanan<\/li>\n\n\n\n<li>Vi f\u00f6ljer v\u00e5rt milj\u00f6tillst\u00e5nd, g\u00e4llande milj\u00f6lagstiftning samt \u00f6vriga till\u00e4mpliga nationella och internationella regler och krav<\/li>\n\n\n\n<li>Energieffektivisera av v\u00e5r verksamhet och styra verksamheten mot en h\u00e5llbar anv\u00e4ndning av resurser<\/li>\n\n\n\n<li>M\u00e5ls\u00e4ttningen \u00e4r att all v\u00e5r personal ska vara utbildad och delaktigt i f\u00f6retagets milj\u00f6arbete<\/li>\n<\/ul>\n\n\n<h2><span style=\"color: #339966;\">Gr\u00f6n Flygplats<\/span><\/h2>\n<p><strong>Hemavan T\u00e4rnaby flygplats<\/strong> \u00e4r tillsammans med Sveriges regionala flygplatser en del av projektet &#8221;gr\u00f6n flygplats&#8221;. Projektet har som m\u00e5l att alla flygplatser ska bli mer effektiva, automatiserade och framf\u00f6rallt gr\u00f6nare &#8211; helt enkelt sn\u00e4llare mot milj\u00f6n och mer ekonomiskt h\u00e5llbart!<\/p>\n<div style=\"width: 1920px;\" class=\"wp-video\"><video class=\"wp-video-shortcode\" id=\"video-5425-1\" width=\"1920\" height=\"1080\" preload=\"metadata\" controls=\"controls\"><source type=\"video\/mp4\" src=\"https:\/\/www.hemavantarnabyairport.se\/wp-content\/uploads\/2022\/07\/gf_hisspitch-30sek_22051_1920x1080_1.mp4?_=1\" \/><a href=\"https:\/\/www.hemavantarnabyairport.se\/wp-content\/uploads\/2022\/07\/gf_hisspitch-30sek_22051_1920x1080_1.mp4\">https:\/\/www.hemavantarnabyairport.se\/wp-content\/uploads\/2022\/07\/gf_hisspitch-30sek_22051_1920x1080_1.mp4<\/a><\/video><\/div>\n<p>I filmklippet nedan kan du se n\u00e5gra av de m\u00e5lbilder som finns f\u00f6r framtidens flygplatser. Vill du l\u00e4sa mer om varje enskilt m\u00e5l? Klicka\u00a0<strong>h\u00e4r<\/strong><\/p>\n<div style=\"width: 1920px;\" class=\"wp-video\"><video class=\"wp-video-shortcode\" id=\"video-5425-2\" width=\"1920\" height=\"1080\" preload=\"metadata\" controls=\"controls\"><source type=\"video\/mp4\" src=\"https:\/\/www.hemavantarnabyairport.se\/wp-content\/uploads\/2022\/07\/gf_skarmbilder-1920x1080_22061.mp4?_=2\" \/><a href=\"https:\/\/www.hemavantarnabyairport.se\/wp-content\/uploads\/2022\/07\/gf_skarmbilder-1920x1080_22061.mp4\">https:\/\/www.hemavantarnabyairport.se\/wp-content\/uploads\/2022\/07\/gf_skarmbilder-1920x1080_22061.mp4<\/a><\/video><\/div>\n<p>V\u00e4gen till en gr\u00f6n flygbransch kr\u00e4ver omst\u00e4llning av flyget, inte inst\u00e4llda flyg. Flyget \u00e4r och kommer alltid vara viktigt f\u00f6r ett fungerande Sverige och f\u00f6r oss som bor i samh\u00e4llet. Sj\u00e4lvklart kommer vi vilja bes\u00f6ka sl\u00e4ktingar och v\u00e4nner som bor l\u00e5ngt bort \u00e4ven i framtiden, och vi tror p\u00e5 en framtid med milj\u00f6v\u00e4nliga flygresor!<br \/>Vill du l\u00e4sa mer om projektet i sin helhet, eller kanske bara lite fakta om hur flyg och milj\u00f6 ser ut idag? Klicka <a href=\"https:\/\/gronflygplats.se\/\"><strong>h\u00e4r\u00a0<\/strong><\/a><\/p>\n<p><b>Hur bidrar v\u00e5r flygplats?<\/b><\/p>\n<p>Vad g\u00f6r vi p\u00e5 Hemavan T\u00e4rnaby flygplats f\u00f6r att jobba mot dessa m\u00e5l samt vara en del av projektet &#8221;gr\u00f6n flygplats&#8221;?<\/p>\n<p>Vi b\u00f6rjade med en kartl\u00e4ggning av v\u00e5ra lokala Co2 utsl\u00e4pp samt v\u00e5r energif\u00f6rbrukning under \u00e5ret 2018 enligt ACERT (Airport Carbon Emissions Report). Utifr\u00e5n det resultatet satte vi f\u00f6ljande m\u00e5l f\u00f6r \u00e5ren 2019\u20132021:<\/p>\n<ul>\n<li>att minska energianv\u00e4ndning p\u00e5 flygplatsen<\/li>\n<li>att minska koldioxidutsl\u00e4pp fr\u00e5n egen f\u00f6rbrukning med 20 %<\/li>\n<li>att minska m\u00e4ngden ej sorterat avfall med 5 %<\/li>\n<\/ul>\n<p>Vi har haft tv\u00e5 \u00e5r med pandemi med kraftigt reducerad verksamhet viket gjort att vi vida \u00f6vertr\u00e4ffat m\u00e5len fram till 2021. \u00d6verg\u00e5ng fr\u00e5n diesel till HVO100 (Biodiesel) har inneburit 79% minskning av CO2 fr\u00e5n egen fordonspark. Nu n\u00e4r flygandet \u00e5terg\u00e5r till en mer normal niv\u00e5 \u00e4r m\u00e5let att ligga p\u00e5 samma niv\u00e5 som 2021 trots \u00f6kad verksamhet.<\/p>\n<p>Flygplatsens m\u00e5l \u00e4r att kunna vara CO2-neutrala till 2030. Om vi forts\u00e4tter minska v\u00e5ra utsl\u00e4pp i samma takt som vi hittills gjort, hoppas vi kunna uppn\u00e5 detta m\u00e5l tidigare \u00e4n \u00e5r 2030!<\/p>","protected":false},"excerpt":{"rendered":"<p>Flygets milj\u00f6p\u00e5verkan \u00e4r av avg\u00f6rande betydelse f\u00f6r flygbranschen och f\u00f6r oss. D\u00e4rf\u00f6r str\u00e4var vi st\u00e4ndigt efter att minska den negativa milj\u00f6p\u00e5verkan fr\u00e5n flygplatsen. Vi deltar projektet Gr\u00f6n flygplats parallellt med v\u00e5rt eget milj\u00f6arbete och du kan s\u00e5klart klimatreducera din resa till och fr\u00e5n oss h\u00e4r. N\u00e5gra av de \u00e5tg\u00e4rder vi jobbar med \u00e4r: Gr\u00f6n Flygplats [&hellip;]<\/p>\n","protected":false},"author":1,"featured_media":0,"parent":0,"menu_order":0,"comment_status":"closed","ping_status":"closed","template":"","meta":{"_genesis_hide_title":false,"_genesis_hide_breadcrumbs":false,"_genesis_hide_singular_image":false,"_genesis_hide_footer_widgets":false,"_genesis_custom_body_class":"","_genesis_custom_post_class":"","_genesis_layout":"","footnotes":""},"class_list":{"0":"post-5425","1":"page","2":"type-page","3":"status-publish","5":"entry"},"featured_image_src":null,"featured_image_src_square":null,"_links":{"self":[{"href":"https:\/\/www.hemavantarnabyairport.se\/en\/wp-json\/wp\/v2\/pages\/5425","targetHints":{"allow":["GET"]}}],"collection":[{"href":"https:\/\/www.hemavantarnabyairport.se\/en\/wp-json\/wp\/v2\/pages"}],"about":[{"href":"https:\/\/www.hemavantarnabyairport.se\/en\/wp-json\/wp\/v2\/types\/page"}],"author":[{"embeddable":true,"href":"https:\/\/www.hemavantarnabyairport.se\/en\/wp-json\/wp\/v2\/users\/1"}],"replies":[{"embeddable":true,"href":"https:\/\/www.hemavantarnabyairport.se\/en\/wp-json\/wp\/v2\/comments?post=5425"}],"version-history":[{"count":14,"href":"https:\/\/www.hemavantarnabyairport.se\/en\/wp-json\/wp\/v2\/pages\/5425\/revisions"}],"predecessor-version":[{"id":6502,"href":"https:\/\/www.hemavantarnabyairport.se\/en\/wp-json\/wp\/v2\/pages\/5425\/revisions\/6502"}],"wp:attachment":[{"href":"https:\/\/www.hemavantarnabyairport.se\/en\/wp-json\/wp\/v2\/media?parent=5425"}],"curies":[{"name":"wp","href":"https:\/\/api.w.org\/{rel}","templated":true}]}}