{"id":6092,"date":"2024-04-04T07:57:47","date_gmt":"2024-04-04T05:57:47","guid":{"rendered":"https:\/\/www.hemavantarnabyairport.se\/?page_id=6092"},"modified":"2026-04-22T07:13:30","modified_gmt":"2026-04-22T05:13:30","slug":"tidtabeller-2","status":"publish","type":"page","link":"https:\/\/www.hemavantarnabyairport.se\/en\/tidtabeller-2\/","title":{"rendered":"Timetables"},"content":{"rendered":"<p class=\"has-text-align-left\"><strong>Here are the latest timetables from Populair<\/strong><\/p>\n\n\n\n<p class=\"has-text-align-left\">Sometimes you can find current flights and prices faster directly on <a href=\"https:\/\/reservations.populair.com\/home\" target=\"_blank\" rel=\"noreferrer noopener\">PopulAirs web page<\/a> before the timetable are produced and available here.<\/p>\n\n\n\n<p class=\"has-text-align-left\">Timetables are subject to change, so always make it a habit to check your timetable before departure. We also encourage you to arrive at the airport one hour before departure, as we all want the plane to take off on time.<\/p>\n\n\n\n<p>To see if the plane has departed from Arlanda on time click <a href=\"https:\/\/www.swedavia.se\/arlanda\/avgangar\/\" target=\"_blank\" rel=\"noopener noreferrer\">here<\/a><\/p>\n\n\n\n<p><em>.<\/em><\/p>\n\n\n\n<p>Always check your departure times before departure.<\/p>\n\n\n\n<p style=\"line-height:1.6\"><a href=\"https:\/\/www.hemavantarnabyairport.se\/wp-content\/uploads\/2026\/02\/Tidtabell-13-APR-26-APR-2026.pdf\" target=\"_blank\" rel=\"noreferrer noopener\">Tidtabell 13 APR- 26 APR<\/a><\/p>\n\n\n\n<p style=\"line-height:1.6\"><br><a href=\"https:\/\/www.hemavantarnabyairport.se\/wp-content\/uploads\/2026\/02\/Tidtabell-27-APR-03-MAJ-2026.pdf\" target=\"_blank\" rel=\"noreferrer noopener\">Tidtabell 27 APR- 03 MAJ<\/a><\/p>\n\n\n\n<p><a href=\"https:\/\/www.hemavantarnabyairport.se\/wp-content\/uploads\/2026\/03\/Tidtabell-04-Maj-10-MAJ-2026.pdf\" target=\"_blank\" rel=\"noreferrer noopener\">Tidtabell 04 Maj &#8211; 10 Maj<\/a><\/p>\n\n\n\n<p><a href=\"https:\/\/www.hemavantarnabyairport.se\/wp-content\/uploads\/2026\/03\/Tidtabell-11-Maj-17-MAJ-2026.pdf\" target=\"_blank\" rel=\"noreferrer noopener\">Tidtabell 11 Maj &#8211; 17 Maj<\/a><\/p>\n\n\n\n<p><a href=\"https:\/\/www.hemavantarnabyairport.se\/wp-content\/uploads\/2026\/03\/Tidtabell-18-Maj-7-Juni-2026.pdf\" target=\"_blank\" rel=\"noreferrer noopener\">Tidtabell 18 Maj &#8211; 7 Jun<\/a><\/p>\n\n\n\n<p><a href=\"https:\/\/www.hemavantarnabyairport.se\/wp-content\/uploads\/2026\/04\/Tidtabell-8-Jun-14-Jun-2026.pdf\" target=\"_blank\" rel=\"noreferrer noopener\">Tidtabell 8 Jun &#8211; 14 Jun<\/a><\/p>\n\n\n\n<p><a href=\"https:\/\/www.hemavantarnabyairport.se\/wp-content\/uploads\/2026\/04\/Tidtabell-15-Jun-21-Jun-2026.pdf\" target=\"_blank\" rel=\"noreferrer noopener\">Tidtabell 15 Jun &#8211; 21 Jun<\/a><\/p>\n\n\n\n<p><a href=\"https:\/\/www.hemavantarnabyairport.se\/wp-content\/uploads\/2026\/04\/Tidtabell-22-Jun-28-Jun-2026.pdf\" target=\"_blank\" rel=\"noreferrer noopener\">Tidtabell 22 Jun &#8211; 28 Jun<\/a><\/p>\n\n\n\n<p><a href=\"https:\/\/www.hemavantarnabyairport.se\/wp-content\/uploads\/2026\/04\/Tidtabell-29-Jun-19-Jul-2026.pdf\" target=\"_blank\" rel=\"noreferrer noopener\">Tidtabell 29 Jun &#8211; 19 Jul<\/a><\/p>\n\n\n\n<p><a href=\"https:\/\/www.hemavantarnabyairport.se\/wp-content\/uploads\/2026\/04\/Tidtabell-20-Jul-26-Jul-2026.pdf\" target=\"_blank\" rel=\"noreferrer noopener\">Tidtabell 20 Jul &#8211; 26 Jul<\/a><\/p>\n\n\n\n<p><a href=\"https:\/\/www.hemavantarnabyairport.se\/wp-content\/uploads\/2026\/04\/Tidtabell-27-Jul-08-Aug-2026.pdf\" target=\"_blank\" rel=\"noreferrer noopener\">Tidtabell 27 Jul &#8211; 8 Aug<\/a><\/p>\n\n\n\n<figure class=\"wp-block-image size-large\"><img fetchpriority=\"high\" decoding=\"async\" width=\"1024\" height=\"683\" src=\"https:\/\/www.hemavantarnabyairport.se\/wp-content\/uploads\/2024\/04\/DSCF7696-1024x683.jpeg\" alt=\"\" class=\"wp-image-6095\" srcset=\"https:\/\/www.hemavantarnabyairport.se\/wp-content\/uploads\/2024\/04\/DSCF7696-1024x683.jpeg 1024w, https:\/\/www.hemavantarnabyairport.se\/wp-content\/uploads\/2024\/04\/DSCF7696-300x200.jpeg 300w, https:\/\/www.hemavantarnabyairport.se\/wp-content\/uploads\/2024\/04\/DSCF7696-768x512.jpeg 768w, https:\/\/www.hemavantarnabyairport.se\/wp-content\/uploads\/2024\/04\/DSCF7696-1536x1024.jpeg 1536w, https:\/\/www.hemavantarnabyairport.se\/wp-content\/uploads\/2024\/04\/DSCF7696-2048x1365.jpeg 2048w, https:\/\/www.hemavantarnabyairport.se\/wp-content\/uploads\/2024\/04\/DSCF7696-18x12.jpeg 18w, https:\/\/www.hemavantarnabyairport.se\/wp-content\/uploads\/2024\/04\/DSCF7696-600x400.jpeg 600w\" sizes=\"(max-width: 1024px) 100vw, 1024px\" \/><\/figure>","protected":false},"excerpt":{"rendered":"<p>H\u00e4r hittar du de senaste tidtabellerna fr\u00e5n Populair Ibland hittar du aktuella flighter och priser snabbare direkt p\u00e5 Populairs hemsida innan tidtabellen finns tillg\u00e4nglig h\u00e4r. Tidtabeller \u00e4r f\u00e4rskvara, och vi reserverar oss f\u00f6r eventuella f\u00f6r\u00e4ndringar, s\u00e5 ha alltid f\u00f6r vana att kontrollera Er tidtabell f\u00f6re avresa. Vi uppmanar er ocks\u00e5 att komma till flygplatsen en [&hellip;]<\/p>\n","protected":false},"author":1,"featured_media":0,"parent":0,"menu_order":0,"comment_status":"closed","ping_status":"closed","template":"","meta":{"_genesis_hide_title":false,"_genesis_hide_breadcrumbs":false,"_genesis_hide_singular_image":false,"_genesis_hide_footer_widgets":false,"_genesis_custom_body_class":"","_genesis_custom_post_class":"","_genesis_layout":"","footnotes":""},"class_list":{"0":"post-6092","1":"page","2":"type-page","3":"status-publish","5":"entry","6":"has-post-thumbnail"},"featured_image_src":null,"featured_image_src_square":null,"_links":{"self":[{"href":"https:\/\/www.hemavantarnabyairport.se\/en\/wp-json\/wp\/v2\/pages\/6092","targetHints":{"allow":["GET"]}}],"collection":[{"href":"https:\/\/www.hemavantarnabyairport.se\/en\/wp-json\/wp\/v2\/pages"}],"about":[{"href":"https:\/\/www.hemavantarnabyairport.se\/en\/wp-json\/wp\/v2\/types\/page"}],"author":[{"embeddable":true,"href":"https:\/\/www.hemavantarnabyairport.se\/en\/wp-json\/wp\/v2\/users\/1"}],"replies":[{"embeddable":true,"href":"https:\/\/www.hemavantarnabyairport.se\/en\/wp-json\/wp\/v2\/comments?post=6092"}],"version-history":[{"count":200,"href":"https:\/\/www.hemavantarnabyairport.se\/en\/wp-json\/wp\/v2\/pages\/6092\/revisions"}],"predecessor-version":[{"id":7234,"href":"https:\/\/www.hemavantarnabyairport.se\/en\/wp-json\/wp\/v2\/pages\/6092\/revisions\/7234"}],"wp:attachment":[{"href":"https:\/\/www.hemavantarnabyairport.se\/en\/wp-json\/wp\/v2\/media?parent=6092"}],"curies":[{"name":"wp","href":"https:\/\/api.w.org\/{rel}","templated":true}]}}