{"id":6319,"date":"2024-10-01T11:05:34","date_gmt":"2024-10-01T09:05:34","guid":{"rendered":"https:\/\/www.hemavantarnabyairport.se\/?page_id=6319"},"modified":"2026-04-22T17:40:58","modified_gmt":"2026-04-22T15:40:58","slug":"resa-fran-arlanda","status":"publish","type":"page","link":"https:\/\/www.hemavantarnabyairport.se\/en\/resa-fran-arlanda\/","title":{"rendered":"Travel from Arlanda-Stockholm"},"content":{"rendered":"<h2 class=\"wp-block-heading\"><strong><mark style=\"background-color:rgba(0, 0, 0, 0)\" class=\"has-inline-color has-theme-primary-color\">All populAir flights will depart from Terminal 3 at Arlanda.<\/mark><\/strong><\/h2>\n\n\n\n<p>Terminal 3 is a fast and convenient terminal for arrivals and departures by plane with short distances to taxis, buses, trains and pick-up points outside Terminals 2 and 4. Terminal 3 has recently undergone a refresh and several workstations have been added to use. The terminal also has a small restaurant\/caf\u00e9 and vending machines if you want something to eat or drink.<\/p>\n\n\n\n<p>\u2022 Check-in takes place at counters 58\u201360 (T2B) right next to the ramp to Terminal 3.&nbsp;<\/p>\n\n\n\n<p>\u2022 Arriving baggage is collected at Terminal 3 if you have Arlanda as your final destination or do not have a through ticket and are going onward.&nbsp;<\/p>\n\n\n\n<p>\u2022 Transfer buses are available between Terminal 2 and Terminal 5, read below what applies.<\/p>\n\n\n\n<p><em><strong><mark style=\"background-color:rgba(0, 0, 0, 0)\" class=\"has-inline-color has-theme-primary-color\">Please note that you must always pass through new security when changing to\/from Terminal 3!<\/mark><\/strong><\/em><\/p>\n\n\n\n<hr class=\"wp-block-separator aligncenter has-alpha-channel-opacity is-style-wide\"\/>\n\n\n\n<p>If you arrive at Terminal 3 and are going to Terminal 5, you have three options.<\/p>\n\n\n\n<ul class=\"wp-block-list\">\n<li>Either you go to Terminal 5 yourself and go through security. <em>or<\/em><\/li>\n\n\n\n<li>If you and any luggage are already checked in<em>,<\/em> that is close by Terminal 3 <\/li>\n\n\n\n<li>You can also go to Terminal 2, go through security and take the shuttle bus from Gate 61C. You can call for a pick-up via the bell located at the gate. The bus will arrive within 20 minutes.<\/li>\n<\/ul>\n\n\n\n<hr class=\"wp-block-separator aligncenter has-alpha-channel-opacity is-style-wide\"\/>\n\n\n\n<p class=\"has-text-align-left\">If you arrive at Terminal 5 and are going to Terminal 3, there are two options: <\/p>\n\n\n\n<ul class=\"wp-block-list\">\n<li>Claim your luggage at Terminal 5, pass through customs and go to Terminal 3.<\/li>\n\n\n\n<li>If you do not need to collect any luggage, you can take the shuttle bus from T11 at the connecting walkway between Gate Area C and the other terminals in Terminal 5. <em>or<\/em> Gate F5 in Terminal 5 to Terminal 2. Call for pickup via the bell located at the gate. The bus will arrive within 20 minutes. Exit through customs at Terminal 2 and then enter through security at Terminal 3.&nbsp;<\/li>\n<\/ul>\n\n\n\n<hr class=\"wp-block-separator aligncenter has-alpha-channel-opacity is-style-wide\"\/>\n\n\n\n<p><em>Trains<\/em><\/p>\n\n\n\n<p>It is free to use Arlanda Express between Terminal 2\/3 and Terminal 5. The train journey between the stations takes about 1\u20132 minutes.<\/p>\n\n\n\n<h4 class=\"wp-block-heading\">Find your way round Stockholm Arlanda Airport<\/h4>\n\n\n\n<p>Visit <a href=\"https:\/\/www.swedavia.se\/arlanda\/hitta-pa-flygplatsen\/\" data-type=\"link\" data-id=\"https:\/\/www.swedavia.se\/arlanda\/hitta-pa-flygplatsen\/\" target=\"_blank\" rel=\"noreferrer noopener\">Swedavias web page<\/a> for further information<\/p>\n\n\n\n<figure class=\"wp-block-image size-large\"><img decoding=\"async\" src=\"https:\/\/www.hemavantarnabyairport.se\/wp-content\/uploads\/2024\/10\/ARN_oversiktskarta_rgb.png\" alt=\"\"\/><\/figure>","protected":false},"excerpt":{"rendered":"<p>Alla populAirs flighter fr\u00e5n terminal 3 p\u00e5 Arlanda Terminal 3 \u00e4r en snabb och smidig terminal f\u00f6r ankomst och avg\u00e5ng med flyg med korta avst\u00e5nd till taxi, buss, t\u00e5g och upph\u00e4mtningsplatser utanf\u00f6r Terminal 2 och 4. Terminal 3 har nyligen genomg\u00e5tt en uppfr\u00e4schning och det har tillkommit flera arbetsplatser att nyttja. I terminalen \u00e5terfinns ocks\u00e5 [&hellip;]<\/p>\n","protected":false},"author":1,"featured_media":0,"parent":0,"menu_order":0,"comment_status":"closed","ping_status":"closed","template":"","meta":{"_genesis_hide_title":false,"_genesis_hide_breadcrumbs":false,"_genesis_hide_singular_image":false,"_genesis_hide_footer_widgets":false,"_genesis_custom_body_class":"","_genesis_custom_post_class":"","_genesis_layout":"","footnotes":""},"class_list":{"0":"post-6319","1":"page","2":"type-page","3":"status-publish","5":"entry"},"featured_image_src":null,"featured_image_src_square":null,"_links":{"self":[{"href":"https:\/\/www.hemavantarnabyairport.se\/en\/wp-json\/wp\/v2\/pages\/6319","targetHints":{"allow":["GET"]}}],"collection":[{"href":"https:\/\/www.hemavantarnabyairport.se\/en\/wp-json\/wp\/v2\/pages"}],"about":[{"href":"https:\/\/www.hemavantarnabyairport.se\/en\/wp-json\/wp\/v2\/types\/page"}],"author":[{"embeddable":true,"href":"https:\/\/www.hemavantarnabyairport.se\/en\/wp-json\/wp\/v2\/users\/1"}],"replies":[{"embeddable":true,"href":"https:\/\/www.hemavantarnabyairport.se\/en\/wp-json\/wp\/v2\/comments?post=6319"}],"version-history":[{"count":19,"href":"https:\/\/www.hemavantarnabyairport.se\/en\/wp-json\/wp\/v2\/pages\/6319\/revisions"}],"predecessor-version":[{"id":7240,"href":"https:\/\/www.hemavantarnabyairport.se\/en\/wp-json\/wp\/v2\/pages\/6319\/revisions\/7240"}],"wp:attachment":[{"href":"https:\/\/www.hemavantarnabyairport.se\/en\/wp-json\/wp\/v2\/media?parent=6319"}],"curies":[{"name":"wp","href":"https:\/\/api.w.org\/{rel}","templated":true}]}}