{"id":6820,"date":"2025-08-28T10:00:50","date_gmt":"2025-08-28T08:00:50","guid":{"rendered":"https:\/\/www.hemavantarnabyairport.se\/?page_id=6820"},"modified":"2026-02-24T11:03:16","modified_gmt":"2026-02-24T10:03:16","slug":"ombygnationombyggnationombygnation","status":"publish","type":"page","link":"https:\/\/www.hemavantarnabyairport.se\/en\/ombygnationombyggnationombygnation\/","title":{"rendered":"Ombyggnation"},"content":{"rendered":"<p class=\"has-large-font-size\"><strong><mark style=\"background-color:rgba(0, 0, 0, 0)\" class=\"has-inline-color has-theme-primary-color\">Hemavan T\u00e4rnaby Airport bygger ut och vi ber\u00e4knar vara klara med alla delar under 2026!<\/mark><\/strong> <\/p>\n\n\n\n<p>Insidan av terminalen \u00e4r f\u00e4rdig. Kvarst\u00e5r g\u00f6r f\u00e4rdigst\u00e4llande av utsidan och markarbeten som kommer ske v\u00e5ren\/ sommaren 2026.<\/p>\n\n\n\n<p>Vi har byggt ut 8 meter fr\u00e5n befintlig framsida mot parkeringen och har f\u00e5tt 200m\u00b2 st\u00f6rre terminalyta. Den gr\u00f6na markeringen visar utbyggnaden.<\/p>\n\n\n\n<figure class=\"wp-block-image size-large\"><img decoding=\"async\" src=\"https:\/\/www.hemavantarnabyairport.se\/wp-content\/uploads\/2025\/09\/Ritning-VY-1024x704.jpg\" alt=\"\" class=\"wp-image-6891\"\/><\/figure>\n\n\n\n<figure class=\"wp-block-image size-large\"><img decoding=\"async\" src=\"https:\/\/www.hemavantarnabyairport.se\/wp-content\/uploads\/2025\/08\/3D-entre-1-1024x343.jpg\" alt=\"\" class=\"wp-image-6862\"\/><\/figure>\n\n\n\n<hr class=\"wp-block-separator aligncenter has-alpha-channel-opacity is-style-wide\"\/>\n\n\n\n<p class=\"has-text-align-left has-large-font-size\"><strong><mark style=\"background-color:rgba(0, 0, 0, 0)\" class=\"has-inline-color has-theme-primary-color\">Varf\u00f6r bygger vi ut?<\/mark><\/strong><\/p>\n\n\n\n<p>R\u00f6ntgen f\u00f6r handbagaget beh\u00f6ver bytas ut till en modell som inte ryms i nuvarande lokal. Det har ocks\u00e5 varit v\u00e4ldigt tr\u00e5ngt i omr\u00e5det runt s\u00e4kerhetskontrollen\/ incheckningen. Det har tyv\u00e4rr inte varit ovanligt att passagerarna har f\u00e5tt st\u00e5 utomhus i v\u00e4ntan p\u00e5 att komma fram till incheckningen.<\/p>\n\n\n\n<figure class=\"wp-block-image size-large\"><img decoding=\"async\" src=\"https:\/\/www.hemavantarnabyairport.se\/wp-content\/uploads\/2025\/08\/sakerhetskontroll-1024x710.png\" alt=\"\" class=\"wp-image-6824\"\/><\/figure>\n\n\n\n<hr class=\"wp-block-separator aligncenter has-alpha-channel-opacity is-style-wide\"\/>\n\n\n\n<p class=\"has-large-font-size\"><strong><mark style=\"background-color:rgba(0, 0, 0, 0)\" class=\"has-inline-color has-theme-primary-color\">Hur blir det d\u00e5?<\/mark><\/strong><\/p>\n\n\n\n<p>Utbyggnaden kommer rymma en ny s\u00e4kerhetskontroll som f\u00f6renklar proceduren f\u00f6r b\u00e5de passagerare och personal. Den kommer k\u00e4nnas luftigare, effektivare och s\u00e4krare. I den kombinerade entr\u00e9n och incheckning kommer det ocks\u00e5 k\u00e4nnas betydligt rymligare och trevligare. Utbyggnaden inneb\u00e4r att flera av v\u00e5ra nuvarande kontorsplatser f\u00f6rsvinner. Den nya delen kommer d\u00e4rf\u00f6r \u00e4ven inrymma en del kontorsytor. Nedan (gr\u00f6nmarkerat)ser du ytorna som tillkommer i utbyggnaden!<\/p>\n\n\n\n<figure class=\"wp-block-image size-large\"><img decoding=\"async\" src=\"https:\/\/www.hemavantarnabyairport.se\/wp-content\/uploads\/2025\/09\/Ritning-1024x753.jpg\" alt=\"\" class=\"wp-image-6890\"\/><\/figure>\n\n\n\n<figure class=\"wp-block-image size-large\"><img decoding=\"async\" src=\"https:\/\/www.hemavantarnabyairport.se\/wp-content\/uploads\/2025\/08\/Snett-uppifran-1-1024x374.jpg\" alt=\"\" class=\"wp-image-6865\"\/><\/figure>\n\n\n\n<p><\/p>","protected":false},"excerpt":{"rendered":"<p>Hemavan T\u00e4rnaby Airport bygger ut och vi ber\u00e4knar vara klara med alla delar under 2026! Insidan av terminalen \u00e4r f\u00e4rdig. Kvarst\u00e5r g\u00f6r f\u00e4rdigst\u00e4llande av utsidan och markarbeten som kommer ske v\u00e5ren\/ sommaren 2026. Vi har byggt ut 8 meter fr\u00e5n befintlig framsida mot parkeringen och har f\u00e5tt 200m\u00b2 st\u00f6rre terminalyta. Den gr\u00f6na markeringen visar utbyggnaden. [&hellip;]<\/p>\n","protected":false},"author":1,"featured_media":0,"parent":0,"menu_order":0,"comment_status":"closed","ping_status":"closed","template":"elementor_theme","meta":{"_genesis_hide_title":false,"_genesis_hide_breadcrumbs":false,"_genesis_hide_singular_image":false,"_genesis_hide_footer_widgets":false,"_genesis_custom_body_class":"","_genesis_custom_post_class":"","_genesis_layout":"","footnotes":""},"class_list":{"0":"post-6820","1":"page","2":"type-page","3":"status-publish","5":"entry"},"featured_image_src":null,"featured_image_src_square":null,"_links":{"self":[{"href":"https:\/\/www.hemavantarnabyairport.se\/en\/wp-json\/wp\/v2\/pages\/6820","targetHints":{"allow":["GET"]}}],"collection":[{"href":"https:\/\/www.hemavantarnabyairport.se\/en\/wp-json\/wp\/v2\/pages"}],"about":[{"href":"https:\/\/www.hemavantarnabyairport.se\/en\/wp-json\/wp\/v2\/types\/page"}],"author":[{"embeddable":true,"href":"https:\/\/www.hemavantarnabyairport.se\/en\/wp-json\/wp\/v2\/users\/1"}],"replies":[{"embeddable":true,"href":"https:\/\/www.hemavantarnabyairport.se\/en\/wp-json\/wp\/v2\/comments?post=6820"}],"version-history":[{"count":19,"href":"https:\/\/www.hemavantarnabyairport.se\/en\/wp-json\/wp\/v2\/pages\/6820\/revisions"}],"predecessor-version":[{"id":7136,"href":"https:\/\/www.hemavantarnabyairport.se\/en\/wp-json\/wp\/v2\/pages\/6820\/revisions\/7136"}],"wp:attachment":[{"href":"https:\/\/www.hemavantarnabyairport.se\/en\/wp-json\/wp\/v2\/media?parent=6820"}],"curies":[{"name":"wp","href":"https:\/\/api.w.org\/{rel}","templated":true}]}}