{"id":8,"date":"2013-01-04T14:48:17","date_gmt":"2013-01-04T14:48:17","guid":{"rendered":"http:\/\/www.hemavantarnabyairport.se\/?page_id=8"},"modified":"2026-02-24T10:52:56","modified_gmt":"2026-02-24T09:52:56","slug":"start","status":"publish","type":"page","link":"https:\/\/www.hemavantarnabyairport.se\/en\/","title":{"rendered":"Welcome to Hemavan T\u00e4rnaby Airport"},"content":{"rendered":"<div style=\"padding-left:8%;padding-right:8%;padding-bottom:10%;padding-top:20%\" class=\"wp-block-genesis-blocks-gb-container alignfull gb-block-container\"><div class=\"gb-container-inside\"><div class=\"gb-container-image-wrap\"><img decoding=\"async\" class=\"gb-container-image has-background-dim-100 has-background-dim\" src=\"https:\/\/www.hemavantarnabyairport.se\/wp-content\/uploads\/2013\/01\/cropped-HA-bakgrund.jpg\" alt=\"\"\/><\/div><div class=\"gb-container-content\" style=\"max-width:1200px\"><div class=\"wp-block-image bold-heading-text fade-in-up\">\n<figure class=\"aligncenter size-full\"><img decoding=\"async\" width=\"300\" height=\"132\" src=\"https:\/\/www.hemavantarnabyairport.se\/wp-content\/uploads\/2022\/09\/HemavanTa\u0308rnabyAirport_logotyp_vit_ro\u0308d.png\" alt=\"\" class=\"wp-image-5682\" srcset=\"https:\/\/www.hemavantarnabyairport.se\/wp-content\/uploads\/2022\/09\/HemavanTa\u0308rnabyAirport_logotyp_vit_ro\u0308d.png 300w, https:\/\/www.hemavantarnabyairport.se\/wp-content\/uploads\/2022\/09\/HemavanTa\u0308rnabyAirport_logotyp_vit_ro\u0308d-18x8.png 18w\" sizes=\"(max-width: 300px) 100vw, 300px\" \/><\/figure>\n<\/div>\n\n\n<h1 class=\"wp-block-heading has-text-align-center bold-heading-text fade-in-up has-text-color\" style=\"color:#fefefe;font-style:normal;font-weight:700\">Welcome to Hemavan T\u00e4rnaby Airport<\/h1>\n\n\n\n<p class=\"has-text-align-center fade-in-up has-white-color has-text-color has-large-font-size\">V\u00e5r flygplats ligger mitt i S\u00f6dra Lapplandsfj\u00e4llen. H\u00e4rifr\u00e5n kan du g\u00e5 till skidbackar, Kungsleden och den service du beh\u00f6ver!<\/p>\n<\/div><\/div><\/div>\n\n\n\n<div class=\"wp-block-group\"><div class=\"wp-block-group__inner-container is-layout-constrained wp-block-group-is-layout-constrained\">\n<h3 class=\"wp-block-heading has-text-align-center has-larger-font-size\">Nya regler om batterier i incheckat bagage!<\/h3>\n\n\n\n<div class=\"wp-block-group is-nowrap is-layout-flex wp-container-core-group-is-layout-ad2f72ca wp-block-group-is-layout-flex\">\n<p class=\"has-larger-font-size\">Vi vill uppm\u00e4rksamma samtliga passagerare p\u00e5 att <strong>inga batterier eller batteridrivna f\u00f6rem\u00e5l \u00e4r till\u00e5tna i ditt incheckade bagage.<\/strong> L\u00e4s mer <a href=\"https:\/\/www.hemavantarnabyairport.se\/en\/infor-resan-2\/flygpassagerares-rattigheter\/\">h\u00e4r!<\/a><\/p>\n<\/div>\n\n\n\n<p><\/p>\n<\/div><\/div>\n\n\n\n<div style=\"background-color:#002136\" class=\"wp-block-genesis-blocks-gb-container alignfull gb-block-container\"><div class=\"gb-container-inside\"><div class=\"gb-container-content\" style=\"max-width:1100px\"><div class=\"row flight-row\">\n\t<div class=\"two columns departures\">Departures<br><img decoding=\"async\" class=\"flight-img\" src=\"https:\/\/www.hemavantarnabyairport.se\/wp-content\/plugins\/upcoming-flights-blue\/img\/departures.svg\" \/><\/div>\n<!--\t<div class=\"one columns\">\n\t\t\n\t<\/div> -->\n\t<div class=\"two columns\">10:00\n\t\t<br \/>\n\t\t<span class=\"isyellow\">\n\t\t\tHP763<\/span>\n\t<\/div><div class=\"three columns\">Stockholm, Stockholm-Arlanda Airport\n\t\t<br \/>\n\t\t<span class=\"isyellow\">To<\/span>\n\t<\/div><\/div>\n<\/div><\/div><\/div>\n\n\n\n<div style=\"height:100px\" aria-hidden=\"true\" class=\"wp-block-spacer\"><\/div>\n\n\n\n<div class=\"wp-block-genesis-blocks-gb-columns gb-layout-columns-4 gb-4-col-equal gb-columns-center alignwide\"><div class=\"gb-layout-column-wrap gb-block-layout-column-gap-2 gb-is-responsive-column\" style=\"max-width:1200px\">\n<div class=\"wp-block-genesis-blocks-gb-column gb-block-layout-column\"><div class=\"gb-block-layout-column-inner\">\n<h5 class=\"wp-block-heading has-text-align-center has-theme-secondary-color has-text-color\"><strong>Boka flyg<\/strong><\/h5>\n\n\n\n<div style=\"height:20px\" aria-hidden=\"true\" class=\"wp-block-spacer\"><\/div>\n\n\n<div class=\"wp-block-image\">\n<figure class=\"aligncenter size-full is-resized\"><a href=\"https:\/\/www.populair.com\/\" target=\"_blank\" rel=\"noreferrer noopener\"><img decoding=\"async\" width=\"120\" height=\"120\" src=\"https:\/\/www.hemavantarnabyairport.se\/wp-content\/uploads\/2022\/09\/symbol_120.png\" alt=\"\" class=\"wp-image-5635\" style=\"width:150px\" srcset=\"https:\/\/www.hemavantarnabyairport.se\/wp-content\/uploads\/2022\/09\/symbol_120.png 120w, https:\/\/www.hemavantarnabyairport.se\/wp-content\/uploads\/2022\/09\/symbol_120-12x12.png 12w, https:\/\/www.hemavantarnabyairport.se\/wp-content\/uploads\/2022\/09\/symbol_120-80x80.png 80w\" sizes=\"(max-width: 120px) 100vw, 120px\" \/><\/a><\/figure>\n<\/div><\/div><\/div>\n\n\n\n<div class=\"wp-block-genesis-blocks-gb-column gb-block-layout-column\"><div class=\"gb-block-layout-column-inner\">\n<h5 class=\"wp-block-heading has-text-align-center has-theme-secondary-color has-text-color\"><strong>Om Hemavan T\u00e4rnaby<\/strong><\/h5>\n\n\n<div class=\"wp-block-image\">\n<figure class=\"aligncenter size-full is-resized\"><a href=\"https:\/\/visithemavantarnaby.se\" target=\"_blank\" rel=\"noreferrer noopener\"><img decoding=\"async\" src=\"https:\/\/www.hemavantarnabyairport.se\/wp-content\/uploads\/2018\/10\/information-i_ny.png\" alt=\"\" class=\"wp-image-3735\" style=\"width:150px\"\/><\/a><\/figure>\n<\/div><\/div><\/div>\n\n\n\n<div class=\"wp-block-genesis-blocks-gb-column gb-block-layout-column\"><div class=\"gb-block-layout-column-inner\">\n<h5 class=\"wp-block-heading has-text-align-center has-theme-secondary-color has-text-color\"><strong>Vi finns p\u00e5 facebook<\/strong><\/h5>\n\n\n<div class=\"wp-block-image\">\n<figure class=\"aligncenter size-full is-resized\"><a href=\"https:\/\/www.facebook.com\/hemavantarnabyairport\/\" target=\"_blank\" rel=\"noreferrer noopener\"><img decoding=\"async\" src=\"https:\/\/www.hemavantarnabyairport.se\/wp-content\/uploads\/2018\/10\/facebook.png\" alt=\"\" class=\"wp-image-3732\" style=\"width:150px\"\/><\/a><\/figure>\n<\/div><\/div><\/div>\n\n\n\n<div class=\"wp-block-genesis-blocks-gb-column gb-block-layout-column\"><div class=\"gb-block-layout-column-inner\">\n<h5 class=\"wp-block-heading has-text-align-center has-theme-secondary-color has-text-color\"><strong>V\u00e4dret just nu<\/strong><\/h5>\n\n\n<div id=\"wpc-weather-id-3730\" class=\"wpc-weather-id\" data-id=\"3730\" data-post-id=\"8\" data-map=\"\" data-detect-geolocation=\"\" data-manual-geolocation=\"\" data-wpc-lat=\"\" data-wpc-lon=\"\" data-wpc-city-id=\"\" data-wpc-city-name=\"\" data-custom-font=\"\"><\/div>\n<\/div><\/div>\n<\/div><\/div>","protected":false},"excerpt":{"rendered":"<p>Nya regler om batterier i incheckat bagage! Vi vill uppm\u00e4rksamma samtliga passagerare p\u00e5 att inga batterier eller batteridrivna f\u00f6rem\u00e5l \u00e4r till\u00e5tna i ditt incheckade bagage. L\u00e4s mer h\u00e4r!<\/p>","protected":false},"author":1,"featured_media":0,"parent":0,"menu_order":0,"comment_status":"closed","ping_status":"open","template":"","meta":{"_genesis_hide_title":true,"_genesis_hide_breadcrumbs":false,"_genesis_hide_singular_image":false,"_genesis_hide_footer_widgets":false,"_genesis_custom_body_class":"","_genesis_custom_post_class":"","_genesis_layout":"full-width-content","footnotes":""},"class_list":{"0":"post-8","1":"page","2":"type-page","3":"status-publish","5":"entry","6":"has-post-thumbnail"},"featured_image_src":null,"featured_image_src_square":null,"_links":{"self":[{"href":"https:\/\/www.hemavantarnabyairport.se\/en\/wp-json\/wp\/v2\/pages\/8","targetHints":{"allow":["GET"]}}],"collection":[{"href":"https:\/\/www.hemavantarnabyairport.se\/en\/wp-json\/wp\/v2\/pages"}],"about":[{"href":"https:\/\/www.hemavantarnabyairport.se\/en\/wp-json\/wp\/v2\/types\/page"}],"author":[{"embeddable":true,"href":"https:\/\/www.hemavantarnabyairport.se\/en\/wp-json\/wp\/v2\/users\/1"}],"replies":[{"embeddable":true,"href":"https:\/\/www.hemavantarnabyairport.se\/en\/wp-json\/wp\/v2\/comments?post=8"}],"version-history":[{"count":376,"href":"https:\/\/www.hemavantarnabyairport.se\/en\/wp-json\/wp\/v2\/pages\/8\/revisions"}],"predecessor-version":[{"id":7132,"href":"https:\/\/www.hemavantarnabyairport.se\/en\/wp-json\/wp\/v2\/pages\/8\/revisions\/7132"}],"wp:attachment":[{"href":"https:\/\/www.hemavantarnabyairport.se\/en\/wp-json\/wp\/v2\/media?parent=8"}],"curies":[{"name":"wp","href":"https:\/\/api.w.org\/{rel}","templated":true}]}}