{"id":907,"date":"2013-11-20T11:03:21","date_gmt":"2013-11-20T10:03:21","guid":{"rendered":"http:\/\/www.hemavantarnabyairport.se\/?page_id=907"},"modified":"2026-02-24T10:59:01","modified_gmt":"2026-02-24T09:59:01","slug":"flygpassagerares-rattigheter","status":"publish","type":"page","link":"https:\/\/www.hemavantarnabyairport.se\/en\/infor-resan-2\/flygpassagerares-rattigheter\/","title":{"rendered":"Reseinformation PopulAir"},"content":{"rendered":"<p><strong>Alla typer av batterier \u00e4r f\u00f6rbjudna i incheckat bagage<\/strong> p\u00e5 PopulAirs passagerarflyg, oavsett om de \u00e4r l\u00f6sa eller installerade i utrustning. Batterier f\u00e5r endast medf\u00f6ras i handbagage, i enlighet med g\u00e4llande regler f\u00f6r farligt gods och med flygbolagets godk\u00e4nnande.<\/p>\n\n\n\n<p>Om din v\u00e4ska inte lastas ombord p\u00e5 planet p\u00e5 grund av ej till\u00e5tna f\u00f6rem\u00e5l i bagaget ansvarar populAir inte f\u00f6r uppkomna kostnader i samband&nbsp; med detta.<\/p>\n\n\n\n<p><strong>Powerbanks m\u00e5ste f\u00f6rvaras i handbagaget<\/strong> &#8211; de \u00e4r f\u00f6rbjudna i incheckat bagage enligt EU-regler. Du f\u00e5r ta med h\u00f6gst tv\u00e5 powerbanks per person. Varje powerbank f\u00e5r ha en maxkapacitet p\u00e5 100 Wh (ca 27 000 mAh). Powerbanken skall vara tydligt m\u00e4rkt med kapacitet.<\/p>\n\n\n\n<p>F\u00f6r att hitta mer information om <strong>Baggage<\/strong>, <strong>Biljetter &amp; Bokning<\/strong>, <strong>Incheckning &amp; resa<\/strong>, <strong>Batterier, Resa med djur<\/strong>, <strong>Traveling with children<\/strong>, <strong>Om du f\u00e5r problem<\/strong>, <strong>S\u00e4rskild assistans<\/strong> s\u00e5 h\u00e4nvisar vi till <strong><mark style=\"background-color:rgba(0, 0, 0, 0)\" class=\"has-inline-color has-theme-primary-color\"><a href=\"https:\/\/www.populair.com\/reseinformation\/\" target=\"_blank\" rel=\"noreferrer noopener\">PopulAirs hemsida med reseinformation<\/a><\/mark><\/strong>.<\/p>\n\n\n\n<p><\/p>\n\n\n\n<figure class=\"wp-block-image size-large\"><a href=\"https:\/\/www.populair.com\/reseinformation\/\"><img fetchpriority=\"high\" decoding=\"async\" width=\"1024\" height=\"449\" src=\"https:\/\/www.hemavantarnabyairport.se\/wp-content\/uploads\/2024\/10\/populAir-logo-1200px-002-1024x449.png\" alt=\"\" class=\"wp-image-6333\" srcset=\"https:\/\/www.hemavantarnabyairport.se\/wp-content\/uploads\/2024\/10\/populAir-logo-1200px-002-1024x449.png 1024w, https:\/\/www.hemavantarnabyairport.se\/wp-content\/uploads\/2024\/10\/populAir-logo-1200px-002-300x132.png 300w, https:\/\/www.hemavantarnabyairport.se\/wp-content\/uploads\/2024\/10\/populAir-logo-1200px-002-768x337.png 768w, https:\/\/www.hemavantarnabyairport.se\/wp-content\/uploads\/2024\/10\/populAir-logo-1200px-002-18x8.png 18w, https:\/\/www.hemavantarnabyairport.se\/wp-content\/uploads\/2024\/10\/populAir-logo-1200px-002.png 1200w\" sizes=\"(max-width: 1024px) 100vw, 1024px\" \/><\/a><\/figure>\n\n\n\n<p><\/p>","protected":false},"excerpt":{"rendered":"<p>Alla typer av batterier \u00e4r f\u00f6rbjudna i incheckat bagage p\u00e5 PopulAirs passagerarflyg, oavsett om de \u00e4r l\u00f6sa eller installerade i utrustning. Batterier f\u00e5r endast medf\u00f6ras i handbagage, i enlighet med g\u00e4llande regler f\u00f6r farligt gods och med flygbolagets godk\u00e4nnande. Om din v\u00e4ska inte lastas ombord p\u00e5 planet p\u00e5 grund av ej till\u00e5tna f\u00f6rem\u00e5l i bagaget [&hellip;]<\/p>\n","protected":false},"author":1,"featured_media":0,"parent":3698,"menu_order":5,"comment_status":"closed","ping_status":"closed","template":"","meta":{"_genesis_hide_title":false,"_genesis_hide_breadcrumbs":false,"_genesis_hide_singular_image":false,"_genesis_hide_footer_widgets":false,"_genesis_custom_body_class":"","_genesis_custom_post_class":"","_genesis_layout":"","footnotes":""},"class_list":{"0":"post-907","1":"page","2":"type-page","3":"status-publish","5":"entry"},"featured_image_src":null,"featured_image_src_square":null,"_links":{"self":[{"href":"https:\/\/www.hemavantarnabyairport.se\/en\/wp-json\/wp\/v2\/pages\/907","targetHints":{"allow":["GET"]}}],"collection":[{"href":"https:\/\/www.hemavantarnabyairport.se\/en\/wp-json\/wp\/v2\/pages"}],"about":[{"href":"https:\/\/www.hemavantarnabyairport.se\/en\/wp-json\/wp\/v2\/types\/page"}],"author":[{"embeddable":true,"href":"https:\/\/www.hemavantarnabyairport.se\/en\/wp-json\/wp\/v2\/users\/1"}],"replies":[{"embeddable":true,"href":"https:\/\/www.hemavantarnabyairport.se\/en\/wp-json\/wp\/v2\/comments?post=907"}],"version-history":[{"count":28,"href":"https:\/\/www.hemavantarnabyairport.se\/en\/wp-json\/wp\/v2\/pages\/907\/revisions"}],"predecessor-version":[{"id":7134,"href":"https:\/\/www.hemavantarnabyairport.se\/en\/wp-json\/wp\/v2\/pages\/907\/revisions\/7134"}],"up":[{"embeddable":true,"href":"https:\/\/www.hemavantarnabyairport.se\/en\/wp-json\/wp\/v2\/pages\/3698"}],"wp:attachment":[{"href":"https:\/\/www.hemavantarnabyairport.se\/en\/wp-json\/wp\/v2\/media?parent=907"}],"curies":[{"name":"wp","href":"https:\/\/api.w.org\/{rel}","templated":true}]}}